{"id":2701,"date":"2024-04-01T10:17:52","date_gmt":"2024-04-01T10:17:52","guid":{"rendered":"https:\/\/orangutanlovers.org\/?page_id=2701"},"modified":"2024-04-01T10:32:57","modified_gmt":"2024-04-01T10:32:57","slug":"elementor-2701","status":"publish","type":"page","link":"https:\/\/orangutanlovers.org\/?page_id=2701","title":{"rendered":"Jersey zoo"},"content":{"rendered":"\t\t<div data-elementor-type=\"wp-page\" data-elementor-id=\"2701\" class=\"elementor elementor-2701\">\n\t\t\t\t\t\t\t\t\t<section class=\"elementor-section elementor-top-section elementor-element elementor-element-5c11b62 elementor-section-height-min-height elementor-section-boxed elementor-section-height-default elementor-section-items-middle\" data-id=\"5c11b62\" data-element_type=\"section\" data-settings=\"{&quot;background_background&quot;:&quot;classic&quot;}\">\n\t\t\t\t\t\t\t<div class=\"elementor-background-overlay\"><\/div>\n\t\t\t\t\t\t\t<div class=\"elementor-container elementor-column-gap-no\">\n\t\t\t\t\t<div class=\"elementor-column elementor-col-100 elementor-top-column elementor-element elementor-element-f3b42eb\" data-id=\"f3b42eb\" data-element_type=\"column\">\n\t\t\t<div class=\"elementor-widget-wrap elementor-element-populated\">\n\t\t\t\t\t\t\t\t<div class=\"elementor-element elementor-element-8972204 elementor-widget elementor-widget-heading\" data-id=\"8972204\" data-element_type=\"widget\" data-widget_type=\"heading.default\">\n\t\t\t\t<div class=\"elementor-widget-container\">\n\t\t\t<style>\/*! elementor - v3.13.3 - 28-05-2023 *\/\n.elementor-heading-title{padding:0;margin:0;line-height:1}.elementor-widget-heading .elementor-heading-title[class*=elementor-size-]>a{color:inherit;font-size:inherit;line-height:inherit}.elementor-widget-heading .elementor-heading-title.elementor-size-small{font-size:15px}.elementor-widget-heading .elementor-heading-title.elementor-size-medium{font-size:19px}.elementor-widget-heading .elementor-heading-title.elementor-size-large{font-size:29px}.elementor-widget-heading .elementor-heading-title.elementor-size-xl{font-size:39px}.elementor-widget-heading .elementor-heading-title.elementor-size-xxl{font-size:59px}<\/style><h1 class=\"elementor-heading-title elementor-size-default\">Jersey zoo<\/h1>\t\t<\/div>\n\t\t\t\t<\/div>\n\t\t\t\t\t<\/div>\n\t\t<\/div>\n\t\t\t\t\t\t\t<\/div>\n\t\t<\/section>\n\t\t\t\t<section class=\"elementor-section elementor-top-section elementor-element elementor-element-efcf1f2 elementor-section-boxed elementor-section-height-default elementor-section-height-default\" data-id=\"efcf1f2\" data-element_type=\"section\">\n\t\t\t\t\t\t<div class=\"elementor-container elementor-column-gap-default\">\n\t\t\t\t\t<div class=\"elementor-column elementor-col-100 elementor-top-column elementor-element elementor-element-18cb6cf\" data-id=\"18cb6cf\" data-element_type=\"column\">\n\t\t\t<div class=\"elementor-widget-wrap elementor-element-populated\">\n\t\t\t\t\t\t\t\t<div class=\"elementor-element elementor-element-2d34e64 elementor-widget elementor-widget-text-editor\" data-id=\"2d34e64\" data-element_type=\"widget\" data-widget_type=\"text-editor.default\">\n\t\t\t\t<div class=\"elementor-widget-container\">\n\t\t\t<style>\/*! elementor - v3.13.3 - 28-05-2023 *\/\n.elementor-widget-text-editor.elementor-drop-cap-view-stacked .elementor-drop-cap{background-color:#69727d;color:#fff}.elementor-widget-text-editor.elementor-drop-cap-view-framed .elementor-drop-cap{color:#69727d;border:3px solid;background-color:transparent}.elementor-widget-text-editor:not(.elementor-drop-cap-view-default) .elementor-drop-cap{margin-top:8px}.elementor-widget-text-editor:not(.elementor-drop-cap-view-default) .elementor-drop-cap-letter{width:1em;height:1em}.elementor-widget-text-editor .elementor-drop-cap{float:left;text-align:center;line-height:1;font-size:50px}.elementor-widget-text-editor .elementor-drop-cap-letter{display:inline-block}<\/style>\t\t\t\t<p class=\"p1\">En construction<\/p><p class=\"p1\">Si vous avez des informations, n\u2019h\u00e9sitez pas \u00e0 m\u2019aider :<br \/>info@orangutanlovers.org<\/p>\t\t\t\t\t\t<\/div>\n\t\t\t\t<\/div>\n\t\t\t\t\t<\/div>\n\t\t<\/div>\n\t\t\t\t\t\t\t<\/div>\n\t\t<\/section>\n\t\t\t\t<section class=\"elementor-section elementor-top-section elementor-element elementor-element-3a99acb elementor-section-boxed elementor-section-height-default elementor-section-height-default\" data-id=\"3a99acb\" data-element_type=\"section\">\n\t\t\t\t\t\t<div class=\"elementor-container elementor-column-gap-default\">\n\t\t\t\t\t<div class=\"elementor-column elementor-col-33 elementor-top-column elementor-element elementor-element-437bd60\" data-id=\"437bd60\" data-element_type=\"column\">\n\t\t\t<div class=\"elementor-widget-wrap elementor-element-populated\">\n\t\t\t\t\t\t\t\t<div class=\"elementor-element elementor-element-f710b02 elementor-widget elementor-widget-image\" data-id=\"f710b02\" data-element_type=\"widget\" data-widget_type=\"image.default\">\n\t\t\t\t<div class=\"elementor-widget-container\">\n\t\t\t<style>\/*! elementor - v3.13.3 - 28-05-2023 *\/\n.elementor-widget-image{text-align:center}.elementor-widget-image a{display:inline-block}.elementor-widget-image a img[src$=\".svg\"]{width:48px}.elementor-widget-image img{vertical-align:middle;display:inline-block}<\/style>\t\t\t\t\t\t\t\t\t\t\t\t<img decoding=\"async\" width=\"850\" height=\"850\" src=\"https:\/\/orangutanlovers.org\/wp-content\/uploads\/2023\/05\/Nophoto.jpg\" class=\"attachment-large size-large wp-image-1192\" alt=\"\" loading=\"lazy\" srcset=\"https:\/\/orangutanlovers.org\/wp-content\/uploads\/2023\/05\/Nophoto.jpg 850w, https:\/\/orangutanlovers.org\/wp-content\/uploads\/2023\/05\/Nophoto-300x300.jpg 300w, https:\/\/orangutanlovers.org\/wp-content\/uploads\/2023\/05\/Nophoto-150x150.jpg 150w, https:\/\/orangutanlovers.org\/wp-content\/uploads\/2023\/05\/Nophoto-768x768.jpg 768w\" sizes=\"(max-width: 850px) 100vw, 850px\" \/>\t\t\t\t\t\t\t\t\t\t\t\t\t\t\t<\/div>\n\t\t\t\t<\/div>\n\t\t\t\t<div class=\"elementor-element elementor-element-e88b4de elementor-widget elementor-widget-text-editor\" data-id=\"e88b4de\" data-element_type=\"widget\" data-widget_type=\"text-editor.default\">\n\t\t\t\t<div class=\"elementor-widget-container\">\n\t\t\t\t\t\t\t<p>&#8230;<\/p>\t\t\t\t\t\t<\/div>\n\t\t\t\t<\/div>\n\t\t\t\t\t<\/div>\n\t\t<\/div>\n\t\t\t\t<div class=\"elementor-column elementor-col-66 elementor-top-column elementor-element elementor-element-d7d7332\" data-id=\"d7d7332\" data-element_type=\"column\">\n\t\t\t<div class=\"elementor-widget-wrap elementor-element-populated\">\n\t\t\t\t\t\t\t\t<div class=\"elementor-element elementor-element-3d2ff1d elementor-widget elementor-widget-text-editor\" data-id=\"3d2ff1d\" data-element_type=\"widget\" data-widget_type=\"text-editor.default\">\n\t\t\t\t<div class=\"elementor-widget-container\">\n\t\t\t\t\t\t\t<p>\u00a0<\/p><p class=\"p1\"><b>Nom :<\/b><span class=\"Apple-converted-space\"> Dagu<\/span><\/p><p class=\"p1\"><b>Sexe :<\/b><span class=\"Apple-converted-space\"> M\u00e2le<\/span><\/p><p class=\"p1\"><b>\u00a0<\/b><\/p><p class=\"p1\"><b>Date de naissance :<\/b>\u00a0<span class=\"Apple-converted-space\">\u00a0<\/span><\/p><p class=\"p1\"><b>Lieu de naissance :<\/b>\u00a0 \u00a0<span class=\"Apple-converted-space\">\u00a0<\/span><\/p><p class=\"p1\"><b>\u00a0<\/b><\/p><p class=\"p1\"><b>Esp\u00e8ce :<\/b><span class=\"Apple-converted-space\"> Sumatra<\/span><\/p><p class=\"p1\"><b>P\u00e8re :\u00a0<\/b>\u00a0 \u00a0<\/p><p class=\"p1\"><b>M\u00e8re :<\/b>\u00a0 \u00a0<\/p><p class=\"p1\"><b>Enfant(s) :<\/b>\u00a0 \u00a0<\/p><p class=\"p1\"><b>\u00a0<\/b><\/p><p class=\"p1\"><b>Anciens Parc :\u00a0<\/b><\/p><p>\u00a0<\/p><p class=\"p1\"><b>Sp\u00e9cificit\u00e9s :<\/b>\u00a0<span class=\"Apple-converted-space\"> Il est fascin\u00e9 par les enfants et on le voit souvent interagir avec les jeunes visiteurs.<\/span><\/p>\t\t\t\t\t\t<\/div>\n\t\t\t\t<\/div>\n\t\t\t\t\t<\/div>\n\t\t<\/div>\n\t\t\t\t\t\t\t<\/div>\n\t\t<\/section>\n\t\t\t\t<section class=\"elementor-section elementor-top-section elementor-element elementor-element-239a5ce elementor-section-boxed elementor-section-height-default elementor-section-height-default\" data-id=\"239a5ce\" data-element_type=\"section\">\n\t\t\t\t\t\t<div class=\"elementor-container elementor-column-gap-default\">\n\t\t\t\t\t<div class=\"elementor-column elementor-col-33 elementor-top-column elementor-element elementor-element-37542ad\" data-id=\"37542ad\" data-element_type=\"column\">\n\t\t\t<div class=\"elementor-widget-wrap elementor-element-populated\">\n\t\t\t\t\t\t\t\t<div class=\"elementor-element elementor-element-be1ee55 elementor-widget elementor-widget-image\" data-id=\"be1ee55\" data-element_type=\"widget\" data-widget_type=\"image.default\">\n\t\t\t\t<div class=\"elementor-widget-container\">\n\t\t\t\t\t\t\t\t\t\t\t\t\t\t\t<img decoding=\"async\" width=\"850\" height=\"850\" src=\"https:\/\/orangutanlovers.org\/wp-content\/uploads\/2023\/05\/Nophoto.jpg\" class=\"attachment-large size-large wp-image-1192\" alt=\"\" loading=\"lazy\" srcset=\"https:\/\/orangutanlovers.org\/wp-content\/uploads\/2023\/05\/Nophoto.jpg 850w, https:\/\/orangutanlovers.org\/wp-content\/uploads\/2023\/05\/Nophoto-300x300.jpg 300w, https:\/\/orangutanlovers.org\/wp-content\/uploads\/2023\/05\/Nophoto-150x150.jpg 150w, https:\/\/orangutanlovers.org\/wp-content\/uploads\/2023\/05\/Nophoto-768x768.jpg 768w\" sizes=\"(max-width: 850px) 100vw, 850px\" \/>\t\t\t\t\t\t\t\t\t\t\t\t\t\t\t<\/div>\n\t\t\t\t<\/div>\n\t\t\t\t<div class=\"elementor-element elementor-element-46ad2d9 elementor-widget elementor-widget-text-editor\" data-id=\"46ad2d9\" data-element_type=\"widget\" data-widget_type=\"text-editor.default\">\n\t\t\t\t<div class=\"elementor-widget-container\">\n\t\t\t\t\t\t\t<p>&#8230;<\/p>\t\t\t\t\t\t<\/div>\n\t\t\t\t<\/div>\n\t\t\t\t\t<\/div>\n\t\t<\/div>\n\t\t\t\t<div class=\"elementor-column elementor-col-66 elementor-top-column elementor-element elementor-element-eda04e2\" data-id=\"eda04e2\" data-element_type=\"column\">\n\t\t\t<div class=\"elementor-widget-wrap elementor-element-populated\">\n\t\t\t\t\t\t\t\t<div class=\"elementor-element elementor-element-5100e1f elementor-widget elementor-widget-text-editor\" data-id=\"5100e1f\" data-element_type=\"widget\" data-widget_type=\"text-editor.default\">\n\t\t\t\t<div class=\"elementor-widget-container\">\n\t\t\t\t\t\t\t<p class=\"p1\"><b>Nom :<\/b><span class=\"Apple-converted-space\"> Dana<\/span><\/p><p class=\"p1\"><b>Sexe :<\/b><span class=\"Apple-converted-space\"> Femelle<\/span><\/p><p class=\"p1\"><b>\u00a0<\/b><\/p><p class=\"p1\"><b>Date de naissance :<\/b>\u00a0<span class=\"Apple-converted-space\">\u00a0<\/span><\/p><p class=\"p1\"><b>Lieu de naissance :<\/b>\u00a0 \u00a0<span class=\"Apple-converted-space\">\u00a0<\/span><\/p><p class=\"p1\"><b>\u00a0<\/b><\/p><p class=\"p1\"><b>Esp\u00e8ce :<\/b><span class=\"Apple-converted-space\"> Sumatra<\/span><\/p><p class=\"p1\"><b>P\u00e8re :\u00a0<\/b>\u00a0 \u00a0<\/p><p class=\"p1\"><b>M\u00e8re :<\/b>\u00a0 \u00a0<\/p><p class=\"p1\"><b>Enfant(s) :<\/b>\u00a0 \u00a0<\/p><p class=\"p1\"><b>\u00a0<\/b><\/p><p class=\"p1\"><b>Anciens Parc :\u00a0<\/b><\/p><p>\u00a0<\/p><p class=\"p1\"><b>Sp\u00e9cificit\u00e9s :<\/b> C&rsquo;est une<span> maman protectrice. <\/span><span>On pensait que Dana \u00e9tait st\u00e9rile jusqu&rsquo;\u00e0 l&rsquo;arriv\u00e9e de son \u00ab b\u00e9b\u00e9 miracle \u00bb\u00a0<\/span><\/p>\t\t\t\t\t\t<\/div>\n\t\t\t\t<\/div>\n\t\t\t\t\t<\/div>\n\t\t<\/div>\n\t\t\t\t\t\t\t<\/div>\n\t\t<\/section>\n\t\t\t\t<section class=\"elementor-section elementor-top-section elementor-element elementor-element-011efda elementor-section-boxed elementor-section-height-default elementor-section-height-default\" data-id=\"011efda\" data-element_type=\"section\">\n\t\t\t\t\t\t<div class=\"elementor-container elementor-column-gap-default\">\n\t\t\t\t\t<div class=\"elementor-column elementor-col-33 elementor-top-column elementor-element elementor-element-21dcd94\" data-id=\"21dcd94\" data-element_type=\"column\">\n\t\t\t<div class=\"elementor-widget-wrap elementor-element-populated\">\n\t\t\t\t\t\t\t\t<div class=\"elementor-element elementor-element-a3115d0 elementor-widget elementor-widget-image\" data-id=\"a3115d0\" data-element_type=\"widget\" data-widget_type=\"image.default\">\n\t\t\t\t<div class=\"elementor-widget-container\">\n\t\t\t\t\t\t\t\t\t\t\t\t\t\t\t<img decoding=\"async\" width=\"850\" height=\"850\" src=\"https:\/\/orangutanlovers.org\/wp-content\/uploads\/2023\/05\/Nophoto.jpg\" class=\"attachment-large size-large wp-image-1192\" alt=\"\" loading=\"lazy\" srcset=\"https:\/\/orangutanlovers.org\/wp-content\/uploads\/2023\/05\/Nophoto.jpg 850w, https:\/\/orangutanlovers.org\/wp-content\/uploads\/2023\/05\/Nophoto-300x300.jpg 300w, https:\/\/orangutanlovers.org\/wp-content\/uploads\/2023\/05\/Nophoto-150x150.jpg 150w, https:\/\/orangutanlovers.org\/wp-content\/uploads\/2023\/05\/Nophoto-768x768.jpg 768w\" sizes=\"(max-width: 850px) 100vw, 850px\" \/>\t\t\t\t\t\t\t\t\t\t\t\t\t\t\t<\/div>\n\t\t\t\t<\/div>\n\t\t\t\t<div class=\"elementor-element elementor-element-1a65c73 elementor-widget elementor-widget-text-editor\" data-id=\"1a65c73\" data-element_type=\"widget\" data-widget_type=\"text-editor.default\">\n\t\t\t\t<div class=\"elementor-widget-container\">\n\t\t\t\t\t\t\t<p>&#8230;<\/p>\t\t\t\t\t\t<\/div>\n\t\t\t\t<\/div>\n\t\t\t\t\t<\/div>\n\t\t<\/div>\n\t\t\t\t<div class=\"elementor-column elementor-col-66 elementor-top-column elementor-element elementor-element-1182f75\" data-id=\"1182f75\" data-element_type=\"column\">\n\t\t\t<div class=\"elementor-widget-wrap elementor-element-populated\">\n\t\t\t\t\t\t\t\t<div class=\"elementor-element elementor-element-a8a87d4 elementor-widget elementor-widget-text-editor\" data-id=\"a8a87d4\" data-element_type=\"widget\" data-widget_type=\"text-editor.default\">\n\t\t\t\t<div class=\"elementor-widget-container\">\n\t\t\t\t\t\t\t<p>\u00a0<\/p><p class=\"p1\"><b>Nom : <\/b>Anette<span class=\"Apple-converted-space\">\u00a0<\/span><\/p><p class=\"p1\"><b>Sexe :<\/b><span class=\"Apple-converted-space\"> Femelle<\/span><\/p><p class=\"p1\"><b>\u00a0<\/b><\/p><p class=\"p1\"><b>Date de naissance :<\/b>\u00a0<span class=\"Apple-converted-space\">\u00a0<\/span><\/p><p class=\"p1\"><b>Lieu de naissance :<\/b>\u00a0 \u00a0<span class=\"Apple-converted-space\">\u00a0<\/span><\/p><p class=\"p1\"><b>\u00a0<\/b><\/p><p class=\"p1\"><b>Esp\u00e8ce :<\/b><span class=\"Apple-converted-space\"> Sumatra<\/span><\/p><p>\u00a0<\/p><p class=\"p1\"><b>P\u00e8re :\u00a0<\/b>\u00a0 \u00a0<\/p><p class=\"p1\"><b>M\u00e8re :<\/b>\u00a0 \u00a0<\/p><p class=\"p1\"><b>Enfant(s) :<\/b>\u00a0 \u00a0Jantho<\/p><p class=\"p1\"><b>\u00a0<\/b><\/p><p class=\"p1\"><b>Anciens Parc :\u00a0<\/b><\/p><p>\u00a0<\/p><p class=\"p1\"><b>Sp\u00e9cificit\u00e9s :<\/b> L<span>a curieuse. <\/span><span>Maman d\u00e9tendue de l&rsquo;effront\u00e9 Jantho. Anette s&rsquo;int\u00e9resse beaucoup aux gens et est souvent vue \u00e0 la fen\u00eatre en train d&rsquo;interagir avec les visiteurs.<\/span><\/p>\t\t\t\t\t\t<\/div>\n\t\t\t\t<\/div>\n\t\t\t\t\t<\/div>\n\t\t<\/div>\n\t\t\t\t\t\t\t<\/div>\n\t\t<\/section>\n\t\t\t\t<section class=\"elementor-section elementor-top-section elementor-element elementor-element-c310dba elementor-section-boxed elementor-section-height-default elementor-section-height-default\" data-id=\"c310dba\" data-element_type=\"section\">\n\t\t\t\t\t\t<div class=\"elementor-container elementor-column-gap-default\">\n\t\t\t\t\t<div class=\"elementor-column elementor-col-33 elementor-top-column elementor-element elementor-element-78958e0\" data-id=\"78958e0\" data-element_type=\"column\">\n\t\t\t<div class=\"elementor-widget-wrap elementor-element-populated\">\n\t\t\t\t\t\t\t\t<div class=\"elementor-element elementor-element-bd7fe00 elementor-widget elementor-widget-image\" data-id=\"bd7fe00\" data-element_type=\"widget\" data-widget_type=\"image.default\">\n\t\t\t\t<div class=\"elementor-widget-container\">\n\t\t\t\t\t\t\t\t\t\t\t\t\t\t\t<img decoding=\"async\" width=\"850\" height=\"850\" src=\"https:\/\/orangutanlovers.org\/wp-content\/uploads\/2023\/05\/Nophoto.jpg\" class=\"attachment-large size-large wp-image-1192\" alt=\"\" loading=\"lazy\" srcset=\"https:\/\/orangutanlovers.org\/wp-content\/uploads\/2023\/05\/Nophoto.jpg 850w, https:\/\/orangutanlovers.org\/wp-content\/uploads\/2023\/05\/Nophoto-300x300.jpg 300w, https:\/\/orangutanlovers.org\/wp-content\/uploads\/2023\/05\/Nophoto-150x150.jpg 150w, https:\/\/orangutanlovers.org\/wp-content\/uploads\/2023\/05\/Nophoto-768x768.jpg 768w\" sizes=\"(max-width: 850px) 100vw, 850px\" \/>\t\t\t\t\t\t\t\t\t\t\t\t\t\t\t<\/div>\n\t\t\t\t<\/div>\n\t\t\t\t<div class=\"elementor-element elementor-element-8c6f4e9 elementor-widget elementor-widget-text-editor\" data-id=\"8c6f4e9\" data-element_type=\"widget\" data-widget_type=\"text-editor.default\">\n\t\t\t\t<div class=\"elementor-widget-container\">\n\t\t\t\t\t\t\t<p>&#8230;<\/p>\t\t\t\t\t\t<\/div>\n\t\t\t\t<\/div>\n\t\t\t\t\t<\/div>\n\t\t<\/div>\n\t\t\t\t<div class=\"elementor-column elementor-col-66 elementor-top-column elementor-element elementor-element-6e7c38b\" data-id=\"6e7c38b\" data-element_type=\"column\">\n\t\t\t<div class=\"elementor-widget-wrap elementor-element-populated\">\n\t\t\t\t\t\t\t\t<div class=\"elementor-element elementor-element-69ac831 elementor-widget elementor-widget-text-editor\" data-id=\"69ac831\" data-element_type=\"widget\" data-widget_type=\"text-editor.default\">\n\t\t\t\t<div class=\"elementor-widget-container\">\n\t\t\t\t\t\t\t<p class=\"p1\"><b>Nom :<\/b><span class=\"Apple-converted-space\"> Jiwa<\/span><\/p><p class=\"p1\"><b>Sexe :<\/b><span class=\"Apple-converted-space\"> M\u00e2le\u00a0<\/span><\/p><p class=\"p1\"><b>\u00a0<\/b><\/p><p class=\"p1\"><b>Date de naissance :<\/b>\u00a0<span class=\"Apple-converted-space\">\u00a0<\/span><\/p><p class=\"p1\"><b>Lieu de naissance :<\/b>\u00a0 \u00a0<span class=\"Apple-converted-space\">\u00a0<\/span><\/p><p class=\"p1\"><b>\u00a0<\/b><\/p><p class=\"p1\"><b>Esp\u00e8ce :<\/b><span class=\"Apple-converted-space\"> Sumatra<\/span><\/p><p class=\"p1\"><b>P\u00e8re :\u00a0<\/b>\u00a0 \u00a0<\/p><p class=\"p1\"><b>M\u00e8re :<\/b>\u00a0 \u00a0<\/p><p class=\"p1\"><b>Enfant(s) :<\/b>\u00a0 \u00a0<\/p><p class=\"p1\"><b>\u00a0<\/b><\/p><p class=\"p1\"><b>Anciens Parc :\u00a0<\/b><\/p><p class=\"p1\"><b>Sp\u00e9cificit\u00e9s :<\/b>\u00a0L&rsquo;effront\u00e9,\u00a0Jiwa adore lutter avec son demi-fr\u00e8re Jantho, jouer avec des cartons et voler de la nourriture !<\/p>\t\t\t\t\t\t<\/div>\n\t\t\t\t<\/div>\n\t\t\t\t\t<\/div>\n\t\t<\/div>\n\t\t\t\t\t\t\t<\/div>\n\t\t<\/section>\n\t\t\t\t<section class=\"elementor-section elementor-top-section elementor-element elementor-element-a7f859e elementor-section-boxed elementor-section-height-default elementor-section-height-default\" data-id=\"a7f859e\" data-element_type=\"section\">\n\t\t\t\t\t\t<div class=\"elementor-container elementor-column-gap-default\">\n\t\t\t\t\t<div class=\"elementor-column elementor-col-33 elementor-top-column elementor-element elementor-element-bab4664\" data-id=\"bab4664\" data-element_type=\"column\">\n\t\t\t<div class=\"elementor-widget-wrap elementor-element-populated\">\n\t\t\t\t\t\t\t\t<div class=\"elementor-element elementor-element-16b2b41 elementor-widget elementor-widget-image\" data-id=\"16b2b41\" data-element_type=\"widget\" data-widget_type=\"image.default\">\n\t\t\t\t<div class=\"elementor-widget-container\">\n\t\t\t\t\t\t\t\t\t\t\t\t\t\t\t<img decoding=\"async\" width=\"850\" height=\"850\" src=\"https:\/\/orangutanlovers.org\/wp-content\/uploads\/2023\/05\/Nophoto.jpg\" class=\"attachment-large size-large wp-image-1192\" alt=\"\" loading=\"lazy\" srcset=\"https:\/\/orangutanlovers.org\/wp-content\/uploads\/2023\/05\/Nophoto.jpg 850w, https:\/\/orangutanlovers.org\/wp-content\/uploads\/2023\/05\/Nophoto-300x300.jpg 300w, https:\/\/orangutanlovers.org\/wp-content\/uploads\/2023\/05\/Nophoto-150x150.jpg 150w, https:\/\/orangutanlovers.org\/wp-content\/uploads\/2023\/05\/Nophoto-768x768.jpg 768w\" sizes=\"(max-width: 850px) 100vw, 850px\" \/>\t\t\t\t\t\t\t\t\t\t\t\t\t\t\t<\/div>\n\t\t\t\t<\/div>\n\t\t\t\t<div class=\"elementor-element elementor-element-2b5fc50 elementor-widget elementor-widget-text-editor\" data-id=\"2b5fc50\" data-element_type=\"widget\" data-widget_type=\"text-editor.default\">\n\t\t\t\t<div class=\"elementor-widget-container\">\n\t\t\t\t\t\t\t<p>&#8230;<\/p>\t\t\t\t\t\t<\/div>\n\t\t\t\t<\/div>\n\t\t\t\t\t<\/div>\n\t\t<\/div>\n\t\t\t\t<div class=\"elementor-column elementor-col-66 elementor-top-column elementor-element elementor-element-0ce76a6\" data-id=\"0ce76a6\" data-element_type=\"column\">\n\t\t\t<div class=\"elementor-widget-wrap elementor-element-populated\">\n\t\t\t\t\t\t\t\t<div class=\"elementor-element elementor-element-c9feb9d elementor-widget elementor-widget-text-editor\" data-id=\"c9feb9d\" data-element_type=\"widget\" data-widget_type=\"text-editor.default\">\n\t\t\t\t<div class=\"elementor-widget-container\">\n\t\t\t\t\t\t\t<p>\u00a0<\/p><p class=\"p1\"><b>Nom :<\/b><span class=\"Apple-converted-space\"> Jantho<\/span><\/p><p class=\"p1\"><b>Sexe :<\/b><span class=\"Apple-converted-space\"> M\u00e2le<\/span><\/p><p class=\"p1\"><b>\u00a0<\/b><\/p><p class=\"p1\"><b>Date de naissance :<\/b>\u00a0<span class=\"Apple-converted-space\">\u00a0<\/span><\/p><p class=\"p1\"><b>Lieu de naissance :<\/b>\u00a0 \u00a0<span class=\"Apple-converted-space\">\u00a0<\/span><\/p><p class=\"p1\"><b>\u00a0<\/b><\/p><p class=\"p1\"><b>Esp\u00e8ce :<\/b><span class=\"Apple-converted-space\"> Sumatra<\/span><\/p><p class=\"p1\"><b>P\u00e8re :\u00a0<\/b>\u00a0 \u00a0<\/p><p class=\"p1\"><b>M\u00e8re :<\/b>\u00a0 \u00a0<\/p><p class=\"p1\"><b>Enfant(s) :<\/b>\u00a0 \u00a0<\/p><p class=\"p1\"><b>\u00a0<\/b><\/p><p class=\"p1\"><b>Anciens Parc :\u00a0<\/b><\/p><p class=\"p1\"><b>Sp\u00e9cificit\u00e9s :<\/b>\u00a0<span>Le joueur,\u00a0<\/span><span>Jantho adore jouer avec Jiwa et on le voit souvent se cacher sous des sacs et manger des m\u00fbres dans les buissons \u00e0 l&rsquo;ext\u00e9rieur.<\/span><\/p>\t\t\t\t\t\t<\/div>\n\t\t\t\t<\/div>\n\t\t\t\t\t<\/div>\n\t\t<\/div>\n\t\t\t\t\t\t\t<\/div>\n\t\t<\/section>\n\t\t\t\t<section class=\"elementor-section elementor-top-section elementor-element elementor-element-ab1066d elementor-section-boxed elementor-section-height-default elementor-section-height-default\" data-id=\"ab1066d\" data-element_type=\"section\">\n\t\t\t\t\t\t<div class=\"elementor-container elementor-column-gap-default\">\n\t\t\t\t\t<div class=\"elementor-column elementor-col-100 elementor-top-column elementor-element elementor-element-dd9b277\" data-id=\"dd9b277\" data-element_type=\"column\">\n\t\t\t<div class=\"elementor-widget-wrap elementor-element-populated\">\n\t\t\t\t\t\t\t\t<div class=\"elementor-element elementor-element-f8428c6 elementor-widget elementor-widget-text-editor\" data-id=\"f8428c6\" data-element_type=\"widget\" data-widget_type=\"text-editor.default\">\n\t\t\t\t<div class=\"elementor-widget-container\">\n\t\t\t\t\t\t\t<p><a href=\"https:\/\/www.durrell.org\/visit-jersey-zoo\/meet-our-animals\/mammals\/sumatran-orangutan\/\">Site internet<\/a><\/p>\t\t\t\t\t\t<\/div>\n\t\t\t\t<\/div>\n\t\t\t\t\t<\/div>\n\t\t<\/div>\n\t\t\t\t\t\t\t<\/div>\n\t\t<\/section>\n\t\t\t\t\t\t\t<\/div>\n\t\t","protected":false},"excerpt":{"rendered":"<p>Jersey zoo En construction Si vous avez des informations, n\u2019h\u00e9sitez pas \u00e0 m\u2019aider : info@orangutanlovers.org &#8230; Nom : Dagu Sexe : M\u00e2le &nbsp; Date de naissance :&nbsp;&nbsp; Lieu de naissance :&nbsp; &nbsp;&nbsp; &nbsp; Esp\u00e8ce : Sumatra P\u00e8re :&nbsp;&nbsp; &nbsp; M\u00e8re :&nbsp; &nbsp; Enfant(s) :&nbsp; &nbsp; &nbsp; Anciens Parc :&nbsp; Sp\u00e9cificit\u00e9s :&nbsp; Il est fascin\u00e9 par &hellip;<\/p>\n<p class=\"read-more\"> <a class=\"\" href=\"https:\/\/orangutanlovers.org\/?page_id=2701\"> <span class=\"screen-reader-text\">Jersey zoo<\/span> Lire la suite\u00a0\u00bb<\/a><\/p>\n","protected":false},"author":1,"featured_media":0,"parent":0,"menu_order":0,"comment_status":"closed","ping_status":"closed","template":"","meta":{"site-sidebar-layout":"no-sidebar","site-content-layout":"page-builder","ast-global-header-display":"","ast-banner-title-visibility":"","ast-main-header-display":"","ast-hfb-above-header-display":"","ast-hfb-below-header-display":"","ast-hfb-mobile-header-display":"","site-post-title":"disabled","ast-breadcrumbs-content":"","ast-featured-img":"disabled","footer-sml-layout":"","theme-transparent-header-meta":"","adv-header-id-meta":"","stick-header-meta":"","header-above-stick-meta":"","header-main-stick-meta":"","header-below-stick-meta":""},"_links":{"self":[{"href":"https:\/\/orangutanlovers.org\/index.php?rest_route=\/wp\/v2\/pages\/2701"}],"collection":[{"href":"https:\/\/orangutanlovers.org\/index.php?rest_route=\/wp\/v2\/pages"}],"about":[{"href":"https:\/\/orangutanlovers.org\/index.php?rest_route=\/wp\/v2\/types\/page"}],"author":[{"embeddable":true,"href":"https:\/\/orangutanlovers.org\/index.php?rest_route=\/wp\/v2\/users\/1"}],"replies":[{"embeddable":true,"href":"https:\/\/orangutanlovers.org\/index.php?rest_route=%2Fwp%2Fv2%2Fcomments&post=2701"}],"version-history":[{"count":5,"href":"https:\/\/orangutanlovers.org\/index.php?rest_route=\/wp\/v2\/pages\/2701\/revisions"}],"predecessor-version":[{"id":2706,"href":"https:\/\/orangutanlovers.org\/index.php?rest_route=\/wp\/v2\/pages\/2701\/revisions\/2706"}],"wp:attachment":[{"href":"https:\/\/orangutanlovers.org\/index.php?rest_route=%2Fwp%2Fv2%2Fmedia&parent=2701"}],"curies":[{"name":"wp","href":"https:\/\/api.w.org\/{rel}","templated":true}]}}