{"id":2630,"date":"2024-03-18T20:39:19","date_gmt":"2024-03-18T20:39:19","guid":{"rendered":"https:\/\/orangutanlovers.org\/?page_id=2630"},"modified":"2024-03-18T20:41:00","modified_gmt":"2024-03-18T20:41:00","slug":"milwaukee-county-zoo","status":"publish","type":"page","link":"https:\/\/orangutanlovers.org\/?page_id=2630","title":{"rendered":"Milwaukee County Zoo"},"content":{"rendered":"\t\t<div data-elementor-type=\"wp-page\" data-elementor-id=\"2630\" class=\"elementor elementor-2630\">\n\t\t\t\t\t\t\t\t\t<section class=\"elementor-section elementor-top-section elementor-element elementor-element-9f1c612 elementor-section-height-min-height elementor-section-boxed elementor-section-height-default elementor-section-items-middle\" data-id=\"9f1c612\" data-element_type=\"section\" data-settings=\"{&quot;background_background&quot;:&quot;classic&quot;}\">\n\t\t\t\t\t\t\t<div class=\"elementor-background-overlay\"><\/div>\n\t\t\t\t\t\t\t<div class=\"elementor-container elementor-column-gap-no\">\n\t\t\t\t\t<div class=\"elementor-column elementor-col-100 elementor-top-column elementor-element elementor-element-4b3c656\" data-id=\"4b3c656\" data-element_type=\"column\">\n\t\t\t<div class=\"elementor-widget-wrap elementor-element-populated\">\n\t\t\t\t\t\t\t\t<div class=\"elementor-element elementor-element-594ec51 elementor-widget elementor-widget-heading\" data-id=\"594ec51\" data-element_type=\"widget\" data-widget_type=\"heading.default\">\n\t\t\t\t<div class=\"elementor-widget-container\">\n\t\t\t<style>\/*! elementor - v3.13.3 - 28-05-2023 *\/\n.elementor-heading-title{padding:0;margin:0;line-height:1}.elementor-widget-heading .elementor-heading-title[class*=elementor-size-]>a{color:inherit;font-size:inherit;line-height:inherit}.elementor-widget-heading .elementor-heading-title.elementor-size-small{font-size:15px}.elementor-widget-heading .elementor-heading-title.elementor-size-medium{font-size:19px}.elementor-widget-heading .elementor-heading-title.elementor-size-large{font-size:29px}.elementor-widget-heading .elementor-heading-title.elementor-size-xl{font-size:39px}.elementor-widget-heading .elementor-heading-title.elementor-size-xxl{font-size:59px}<\/style><h1 class=\"elementor-heading-title elementor-size-default\">Milwaukee country zoo<\/h1>\t\t<\/div>\n\t\t\t\t<\/div>\n\t\t\t\t\t<\/div>\n\t\t<\/div>\n\t\t\t\t\t\t\t<\/div>\n\t\t<\/section>\n\t\t\t\t<section class=\"elementor-section elementor-top-section elementor-element elementor-element-af3db17 elementor-section-boxed elementor-section-height-default elementor-section-height-default\" data-id=\"af3db17\" data-element_type=\"section\">\n\t\t\t\t\t\t<div class=\"elementor-container elementor-column-gap-default\">\n\t\t\t\t\t<div class=\"elementor-column elementor-col-33 elementor-top-column elementor-element elementor-element-a1cb56a\" data-id=\"a1cb56a\" data-element_type=\"column\">\n\t\t\t<div class=\"elementor-widget-wrap elementor-element-populated\">\n\t\t\t\t\t\t\t\t<div class=\"elementor-element elementor-element-cee032d elementor-widget elementor-widget-image\" data-id=\"cee032d\" data-element_type=\"widget\" data-widget_type=\"image.default\">\n\t\t\t\t<div class=\"elementor-widget-container\">\n\t\t\t<style>\/*! elementor - v3.13.3 - 28-05-2023 *\/\n.elementor-widget-image{text-align:center}.elementor-widget-image a{display:inline-block}.elementor-widget-image a img[src$=\".svg\"]{width:48px}.elementor-widget-image img{vertical-align:middle;display:inline-block}<\/style>\t\t\t\t\t\t\t\t\t\t\t\t<img decoding=\"async\" width=\"850\" height=\"850\" src=\"https:\/\/orangutanlovers.org\/wp-content\/uploads\/2023\/05\/Nophoto.jpg\" class=\"attachment-large size-large wp-image-1192\" alt=\"\" loading=\"lazy\" srcset=\"https:\/\/orangutanlovers.org\/wp-content\/uploads\/2023\/05\/Nophoto.jpg 850w, https:\/\/orangutanlovers.org\/wp-content\/uploads\/2023\/05\/Nophoto-300x300.jpg 300w, https:\/\/orangutanlovers.org\/wp-content\/uploads\/2023\/05\/Nophoto-150x150.jpg 150w, https:\/\/orangutanlovers.org\/wp-content\/uploads\/2023\/05\/Nophoto-768x768.jpg 768w\" sizes=\"(max-width: 850px) 100vw, 850px\" \/>\t\t\t\t\t\t\t\t\t\t\t\t\t\t\t<\/div>\n\t\t\t\t<\/div>\n\t\t\t\t<div class=\"elementor-element elementor-element-c78a9e4 elementor-widget elementor-widget-text-editor\" data-id=\"c78a9e4\" data-element_type=\"widget\" data-widget_type=\"text-editor.default\">\n\t\t\t\t<div class=\"elementor-widget-container\">\n\t\t\t<style>\/*! elementor - v3.13.3 - 28-05-2023 *\/\n.elementor-widget-text-editor.elementor-drop-cap-view-stacked .elementor-drop-cap{background-color:#69727d;color:#fff}.elementor-widget-text-editor.elementor-drop-cap-view-framed .elementor-drop-cap{color:#69727d;border:3px solid;background-color:transparent}.elementor-widget-text-editor:not(.elementor-drop-cap-view-default) .elementor-drop-cap{margin-top:8px}.elementor-widget-text-editor:not(.elementor-drop-cap-view-default) .elementor-drop-cap-letter{width:1em;height:1em}.elementor-widget-text-editor .elementor-drop-cap{float:left;text-align:center;line-height:1;font-size:50px}.elementor-widget-text-editor .elementor-drop-cap-letter{display:inline-block}<\/style>\t\t\t\t<p>&#8230;<\/p>\t\t\t\t\t\t<\/div>\n\t\t\t\t<\/div>\n\t\t\t\t\t<\/div>\n\t\t<\/div>\n\t\t\t\t<div class=\"elementor-column elementor-col-66 elementor-top-column elementor-element elementor-element-65b68d8\" data-id=\"65b68d8\" data-element_type=\"column\">\n\t\t\t<div class=\"elementor-widget-wrap elementor-element-populated\">\n\t\t\t\t\t\t\t\t<div class=\"elementor-element elementor-element-cfa80e4 elementor-widget elementor-widget-text-editor\" data-id=\"cfa80e4\" data-element_type=\"widget\" data-widget_type=\"text-editor.default\">\n\t\t\t\t<div class=\"elementor-widget-container\">\n\t\t\t\t\t\t\t<p><\/p>\n<p class=\"p1\"><b>Nom :<\/b><span class=\"Apple-converted-space\">&nbsp;Alexandra<\/span><\/p>\n<p class=\"p1\"><b>Sexe :<\/b><span class=\"Apple-converted-space\">&nbsp;<\/span><\/p>\n<p class=\"p1\"><b>&nbsp;<\/b><\/p>\n<p class=\"p1\"><b>Date de naissance :<\/b>&nbsp;<span class=\"Apple-converted-space\">&nbsp;<\/span><\/p>\n<p class=\"p1\"><b>Lieu de naissance :<\/b>&nbsp; &nbsp;<span class=\"Apple-converted-space\">&nbsp;<\/span><\/p>\n<p class=\"p1\"><b>&nbsp;<\/b><\/p>\n<p class=\"p1\"><b>Esp\u00e8ce :<\/b><span class=\"Apple-converted-space\">&nbsp;<\/span><\/p>\n<p class=\"p1\"><b>P\u00e8re :&nbsp;<\/b>&nbsp; &nbsp;<\/p>\n<p class=\"p1\"><b>M\u00e8re :<\/b>&nbsp; &nbsp;<\/p>\n<p class=\"p1\"><b>Enfant(s) :<\/b>&nbsp; &nbsp;<\/p>\n<p class=\"p1\"><b>&nbsp;<\/b><\/p>\n<p class=\"p1\"><b>Anciens Parc :&nbsp;<\/b><\/p>\n<p class=\"p1\"><b>Sp\u00e9cificit\u00e9s :<\/b>&nbsp;<span class=\"Apple-converted-space\">&nbsp;<\/span><\/p>\t\t\t\t\t\t<\/div>\n\t\t\t\t<\/div>\n\t\t\t\t\t<\/div>\n\t\t<\/div>\n\t\t\t\t\t\t\t<\/div>\n\t\t<\/section>\n\t\t\t\t\t\t\t<\/div>\n\t\t","protected":false},"excerpt":{"rendered":"<p>Milwaukee country zoo &#8230; Nom :&nbsp;Alexandra Sexe :&nbsp; &nbsp; Date de naissance :&nbsp;&nbsp; Lieu de naissance :&nbsp; &nbsp;&nbsp; &nbsp; Esp\u00e8ce :&nbsp; P\u00e8re :&nbsp;&nbsp; &nbsp; M\u00e8re :&nbsp; &nbsp; Enfant(s) :&nbsp; &nbsp; &nbsp; Anciens Parc :&nbsp; Sp\u00e9cificit\u00e9s :&nbsp;&nbsp;<\/p>\n","protected":false},"author":1,"featured_media":0,"parent":0,"menu_order":0,"comment_status":"closed","ping_status":"closed","template":"","meta":{"site-sidebar-layout":"no-sidebar","site-content-layout":"page-builder","ast-global-header-display":"","ast-banner-title-visibility":"","ast-main-header-display":"","ast-hfb-above-header-display":"","ast-hfb-below-header-display":"","ast-hfb-mobile-header-display":"","site-post-title":"disabled","ast-breadcrumbs-content":"","ast-featured-img":"disabled","footer-sml-layout":"","theme-transparent-header-meta":"","adv-header-id-meta":"","stick-header-meta":"","header-above-stick-meta":"","header-main-stick-meta":"","header-below-stick-meta":""},"_links":{"self":[{"href":"https:\/\/orangutanlovers.org\/index.php?rest_route=\/wp\/v2\/pages\/2630"}],"collection":[{"href":"https:\/\/orangutanlovers.org\/index.php?rest_route=\/wp\/v2\/pages"}],"about":[{"href":"https:\/\/orangutanlovers.org\/index.php?rest_route=\/wp\/v2\/types\/page"}],"author":[{"embeddable":true,"href":"https:\/\/orangutanlovers.org\/index.php?rest_route=\/wp\/v2\/users\/1"}],"replies":[{"embeddable":true,"href":"https:\/\/orangutanlovers.org\/index.php?rest_route=%2Fwp%2Fv2%2Fcomments&post=2630"}],"version-history":[{"count":3,"href":"https:\/\/orangutanlovers.org\/index.php?rest_route=\/wp\/v2\/pages\/2630\/revisions"}],"predecessor-version":[{"id":2633,"href":"https:\/\/orangutanlovers.org\/index.php?rest_route=\/wp\/v2\/pages\/2630\/revisions\/2633"}],"wp:attachment":[{"href":"https:\/\/orangutanlovers.org\/index.php?rest_route=%2Fwp%2Fv2%2Fmedia&parent=2630"}],"curies":[{"name":"wp","href":"https:\/\/api.w.org\/{rel}","templated":true}]}}