{"id":2590,"date":"2024-03-17T12:30:04","date_gmt":"2024-03-17T12:30:04","guid":{"rendered":"https:\/\/orangutanlovers.org\/?page_id=2590"},"modified":"2024-03-17T12:35:49","modified_gmt":"2024-03-17T12:35:49","slug":"elementor-2590","status":"publish","type":"page","link":"https:\/\/orangutanlovers.org\/?page_id=2590","title":{"rendered":"Metro richmond Zoo (Virginie, USA)"},"content":{"rendered":"\t\t<div data-elementor-type=\"wp-page\" data-elementor-id=\"2590\" class=\"elementor elementor-2590\">\n\t\t\t\t\t\t\t\t\t<section class=\"elementor-section elementor-top-section elementor-element elementor-element-24bbbda elementor-section-boxed elementor-section-height-default elementor-section-height-default\" data-id=\"24bbbda\" data-element_type=\"section\">\n\t\t\t\t\t\t<div class=\"elementor-container elementor-column-gap-default\">\n\t\t\t\t\t<div class=\"elementor-column elementor-col-100 elementor-top-column elementor-element elementor-element-ff911e1\" data-id=\"ff911e1\" data-element_type=\"column\">\n\t\t\t<div class=\"elementor-widget-wrap elementor-element-populated\">\n\t\t\t\t\t\t\t\t<div class=\"elementor-element elementor-element-f57fa54 elementor-widget elementor-widget-heading\" data-id=\"f57fa54\" data-element_type=\"widget\" data-widget_type=\"heading.default\">\n\t\t\t\t<div class=\"elementor-widget-container\">\n\t\t\t<style>\/*! elementor - v3.13.3 - 28-05-2023 *\/\n.elementor-heading-title{padding:0;margin:0;line-height:1}.elementor-widget-heading .elementor-heading-title[class*=elementor-size-]>a{color:inherit;font-size:inherit;line-height:inherit}.elementor-widget-heading .elementor-heading-title.elementor-size-small{font-size:15px}.elementor-widget-heading .elementor-heading-title.elementor-size-medium{font-size:19px}.elementor-widget-heading .elementor-heading-title.elementor-size-large{font-size:29px}.elementor-widget-heading .elementor-heading-title.elementor-size-xl{font-size:39px}.elementor-widget-heading .elementor-heading-title.elementor-size-xxl{font-size:59px}<\/style><h1 class=\"elementor-heading-title elementor-size-default\">Metro Richmond Zoo (Virginie, USA)<\/h1>\t\t<\/div>\n\t\t\t\t<\/div>\n\t\t\t\t\t<\/div>\n\t\t<\/div>\n\t\t\t\t\t\t\t<\/div>\n\t\t<\/section>\n\t\t\t\t<section class=\"elementor-section elementor-top-section elementor-element elementor-element-c123605 elementor-section-boxed elementor-section-height-default elementor-section-height-default\" data-id=\"c123605\" data-element_type=\"section\">\n\t\t\t\t\t\t<div class=\"elementor-container elementor-column-gap-default\">\n\t\t\t\t\t<div class=\"elementor-column elementor-col-33 elementor-top-column elementor-element elementor-element-1558924\" data-id=\"1558924\" data-element_type=\"column\">\n\t\t\t<div class=\"elementor-widget-wrap elementor-element-populated\">\n\t\t\t\t\t\t\t\t<div class=\"elementor-element elementor-element-25f17b6 elementor-widget elementor-widget-image\" data-id=\"25f17b6\" data-element_type=\"widget\" data-widget_type=\"image.default\">\n\t\t\t\t<div class=\"elementor-widget-container\">\n\t\t\t<style>\/*! elementor - v3.13.3 - 28-05-2023 *\/\n.elementor-widget-image{text-align:center}.elementor-widget-image a{display:inline-block}.elementor-widget-image a img[src$=\".svg\"]{width:48px}.elementor-widget-image img{vertical-align:middle;display:inline-block}<\/style>\t\t\t\t\t\t\t\t\t\t\t\t<img decoding=\"async\" width=\"850\" height=\"850\" src=\"https:\/\/orangutanlovers.org\/wp-content\/uploads\/2023\/05\/Nophoto.jpg\" class=\"attachment-large size-large wp-image-1192\" alt=\"\" loading=\"lazy\" srcset=\"https:\/\/orangutanlovers.org\/wp-content\/uploads\/2023\/05\/Nophoto.jpg 850w, https:\/\/orangutanlovers.org\/wp-content\/uploads\/2023\/05\/Nophoto-300x300.jpg 300w, https:\/\/orangutanlovers.org\/wp-content\/uploads\/2023\/05\/Nophoto-150x150.jpg 150w, https:\/\/orangutanlovers.org\/wp-content\/uploads\/2023\/05\/Nophoto-768x768.jpg 768w\" sizes=\"(max-width: 850px) 100vw, 850px\" \/>\t\t\t\t\t\t\t\t\t\t\t\t\t\t\t<\/div>\n\t\t\t\t<\/div>\n\t\t\t\t<div class=\"elementor-element elementor-element-894770b elementor-widget elementor-widget-text-editor\" data-id=\"894770b\" data-element_type=\"widget\" data-widget_type=\"text-editor.default\">\n\t\t\t\t<div class=\"elementor-widget-container\">\n\t\t\t<style>\/*! elementor - v3.13.3 - 28-05-2023 *\/\n.elementor-widget-text-editor.elementor-drop-cap-view-stacked .elementor-drop-cap{background-color:#69727d;color:#fff}.elementor-widget-text-editor.elementor-drop-cap-view-framed .elementor-drop-cap{color:#69727d;border:3px solid;background-color:transparent}.elementor-widget-text-editor:not(.elementor-drop-cap-view-default) .elementor-drop-cap{margin-top:8px}.elementor-widget-text-editor:not(.elementor-drop-cap-view-default) .elementor-drop-cap-letter{width:1em;height:1em}.elementor-widget-text-editor .elementor-drop-cap{float:left;text-align:center;line-height:1;font-size:50px}.elementor-widget-text-editor .elementor-drop-cap-letter{display:inline-block}<\/style>\t\t\t\t<p>&#8230;<\/p>\t\t\t\t\t\t<\/div>\n\t\t\t\t<\/div>\n\t\t\t\t\t<\/div>\n\t\t<\/div>\n\t\t\t\t<div class=\"elementor-column elementor-col-66 elementor-top-column elementor-element elementor-element-5d6a6bf\" data-id=\"5d6a6bf\" data-element_type=\"column\">\n\t\t\t<div class=\"elementor-widget-wrap elementor-element-populated\">\n\t\t\t\t\t\t\t\t<div class=\"elementor-element elementor-element-a2712c9 elementor-widget elementor-widget-text-editor\" data-id=\"a2712c9\" data-element_type=\"widget\" data-widget_type=\"text-editor.default\">\n\t\t\t\t<div class=\"elementor-widget-container\">\n\t\t\t\t\t\t\t<p class=\"p1\"><b>Nom :<\/b><span class=\"Apple-converted-space\">\u00a0Taavi<\/span><\/p><p class=\"p1\"><b>Sexe :<\/b><span class=\"Apple-converted-space\">\u00a0<\/span><\/p><p class=\"p1\"><b>\u00a0<\/b><\/p><p class=\"p1\"><b>Date de naissance :<\/b>\u00a0<span class=\"Apple-converted-space\">\u00a02\/03\/2021<\/span><\/p><p class=\"p1\"><b>Lieu de naissance :<\/b>\u00a0 \u00a0<span class=\"Apple-converted-space\">\u00a0<\/span><\/p><p class=\"p1\"><b>\u00a0<\/b><\/p><p class=\"p1\"><b>Esp\u00e8ce :<\/b><span class=\"Apple-converted-space\">\u00a0<\/span><\/p><p class=\"p1\"><span class=\"Apple-converted-space\">\u00a0<\/span><\/p><p class=\"p1\"><b>P\u00e8re :\u00a0<\/b>\u00a0 \u00a0<\/p><p class=\"p1\"><b>M\u00e8re :<\/b>\u00a0 \u00a0<\/p><p class=\"p1\"><b>Enfant(s) :<\/b>\u00a0 \u00a0<\/p><p class=\"p1\"><b>\u00a0<\/b><\/p><p class=\"p1\"><b>Anciens Parc :\u00a0<\/b><\/p><p class=\"p1\"><b>\u00a0<\/b><\/p><p class=\"p1\"><b>Sp\u00e9cificit\u00e9s :<\/b>\u00a0<span class=\"Apple-converted-space\">\u00a0<\/span><\/p>\t\t\t\t\t\t<\/div>\n\t\t\t\t<\/div>\n\t\t\t\t\t<\/div>\n\t\t<\/div>\n\t\t\t\t\t\t\t<\/div>\n\t\t<\/section>\n\t\t\t\t\t\t\t<\/div>\n\t\t","protected":false},"excerpt":{"rendered":"<p>Metro Richmond Zoo (Virginie, USA) &#8230; Nom :&nbsp;Taavi Sexe :&nbsp; &nbsp; Date de naissance :&nbsp;&nbsp;2\/03\/2021 Lieu de naissance :&nbsp; &nbsp;&nbsp; &nbsp; Esp\u00e8ce :&nbsp; P\u00e8re :&nbsp;&nbsp; &nbsp; M\u00e8re :&nbsp; &nbsp; Enfant(s) :&nbsp; &nbsp; &nbsp; Anciens Parc :&nbsp; &nbsp; Sp\u00e9cificit\u00e9s :&nbsp;&nbsp;<\/p>\n","protected":false},"author":1,"featured_media":0,"parent":0,"menu_order":0,"comment_status":"closed","ping_status":"closed","template":"","meta":{"site-sidebar-layout":"no-sidebar","site-content-layout":"page-builder","ast-global-header-display":"","ast-banner-title-visibility":"","ast-main-header-display":"","ast-hfb-above-header-display":"","ast-hfb-below-header-display":"","ast-hfb-mobile-header-display":"","site-post-title":"disabled","ast-breadcrumbs-content":"","ast-featured-img":"disabled","footer-sml-layout":"","theme-transparent-header-meta":"","adv-header-id-meta":"","stick-header-meta":"","header-above-stick-meta":"","header-main-stick-meta":"","header-below-stick-meta":""},"_links":{"self":[{"href":"https:\/\/orangutanlovers.org\/index.php?rest_route=\/wp\/v2\/pages\/2590"}],"collection":[{"href":"https:\/\/orangutanlovers.org\/index.php?rest_route=\/wp\/v2\/pages"}],"about":[{"href":"https:\/\/orangutanlovers.org\/index.php?rest_route=\/wp\/v2\/types\/page"}],"author":[{"embeddable":true,"href":"https:\/\/orangutanlovers.org\/index.php?rest_route=\/wp\/v2\/users\/1"}],"replies":[{"embeddable":true,"href":"https:\/\/orangutanlovers.org\/index.php?rest_route=%2Fwp%2Fv2%2Fcomments&post=2590"}],"version-history":[{"count":9,"href":"https:\/\/orangutanlovers.org\/index.php?rest_route=\/wp\/v2\/pages\/2590\/revisions"}],"predecessor-version":[{"id":2601,"href":"https:\/\/orangutanlovers.org\/index.php?rest_route=\/wp\/v2\/pages\/2590\/revisions\/2601"}],"wp:attachment":[{"href":"https:\/\/orangutanlovers.org\/index.php?rest_route=%2Fwp%2Fv2%2Fmedia&parent=2590"}],"curies":[{"name":"wp","href":"https:\/\/api.w.org\/{rel}","templated":true}]}}