{"id":1998,"date":"2023-05-27T14:35:57","date_gmt":"2023-05-27T14:35:57","guid":{"rendered":"http:\/\/orangutanlovers.org\/?page_id=1998"},"modified":"2023-06-08T07:55:29","modified_gmt":"2023-06-08T07:55:29","slug":"zoo-de-basel","status":"publish","type":"page","link":"https:\/\/orangutanlovers.org\/?page_id=1998","title":{"rendered":"Zoo de B\u00e2le"},"content":{"rendered":"\t\t<div data-elementor-type=\"wp-page\" data-elementor-id=\"1998\" class=\"elementor elementor-1998\">\n\t\t\t\t\t\t\t\t\t<section class=\"elementor-section elementor-top-section elementor-element elementor-element-67ed026 elementor-section-height-min-height elementor-section-boxed elementor-section-height-default elementor-section-items-middle\" data-id=\"67ed026\" data-element_type=\"section\" data-settings=\"{&quot;background_background&quot;:&quot;classic&quot;}\">\n\t\t\t\t\t\t\t<div class=\"elementor-background-overlay\"><\/div>\n\t\t\t\t\t\t\t<div class=\"elementor-container elementor-column-gap-no\">\n\t\t\t\t\t<div class=\"elementor-column elementor-col-100 elementor-top-column elementor-element elementor-element-a8400ea\" data-id=\"a8400ea\" data-element_type=\"column\">\n\t\t\t<div class=\"elementor-widget-wrap elementor-element-populated\">\n\t\t\t\t\t\t\t\t<div class=\"elementor-element elementor-element-f2e5567 elementor-widget elementor-widget-heading\" data-id=\"f2e5567\" data-element_type=\"widget\" data-widget_type=\"heading.default\">\n\t\t\t\t<div class=\"elementor-widget-container\">\n\t\t\t<style>\/*! elementor - v3.13.3 - 28-05-2023 *\/\n.elementor-heading-title{padding:0;margin:0;line-height:1}.elementor-widget-heading .elementor-heading-title[class*=elementor-size-]>a{color:inherit;font-size:inherit;line-height:inherit}.elementor-widget-heading .elementor-heading-title.elementor-size-small{font-size:15px}.elementor-widget-heading .elementor-heading-title.elementor-size-medium{font-size:19px}.elementor-widget-heading .elementor-heading-title.elementor-size-large{font-size:29px}.elementor-widget-heading .elementor-heading-title.elementor-size-xl{font-size:39px}.elementor-widget-heading .elementor-heading-title.elementor-size-xxl{font-size:59px}<\/style><h1 class=\"elementor-heading-title elementor-size-default\">Zoo de B\u00e2le<\/h1>\t\t<\/div>\n\t\t\t\t<\/div>\n\t\t\t\t\t<\/div>\n\t\t<\/div>\n\t\t\t\t\t\t\t<\/div>\n\t\t<\/section>\n\t\t\t\t<section class=\"elementor-section elementor-top-section elementor-element elementor-element-1f068fc elementor-section-boxed elementor-section-height-default elementor-section-height-default\" data-id=\"1f068fc\" data-element_type=\"section\">\n\t\t\t\t\t\t<div class=\"elementor-container elementor-column-gap-default\">\n\t\t\t\t\t<div class=\"elementor-column elementor-col-33 elementor-top-column elementor-element elementor-element-30ba336\" data-id=\"30ba336\" data-element_type=\"column\">\n\t\t\t<div class=\"elementor-widget-wrap elementor-element-populated\">\n\t\t\t\t\t\t\t\t<div class=\"elementor-element elementor-element-10e4bab elementor-widget elementor-widget-image\" data-id=\"10e4bab\" data-element_type=\"widget\" data-widget_type=\"image.default\">\n\t\t\t\t<div class=\"elementor-widget-container\">\n\t\t\t<style>\/*! elementor - v3.13.3 - 28-05-2023 *\/\n.elementor-widget-image{text-align:center}.elementor-widget-image a{display:inline-block}.elementor-widget-image a img[src$=\".svg\"]{width:48px}.elementor-widget-image img{vertical-align:middle;display:inline-block}<\/style>\t\t\t\t\t\t\t\t\t\t\t\t<img decoding=\"async\" width=\"850\" height=\"850\" src=\"https:\/\/orangutanlovers.org\/wp-content\/uploads\/2023\/05\/Nophoto.jpg\" class=\"attachment-large size-large wp-image-1192\" alt=\"\" loading=\"lazy\" srcset=\"https:\/\/orangutanlovers.org\/wp-content\/uploads\/2023\/05\/Nophoto.jpg 850w, https:\/\/orangutanlovers.org\/wp-content\/uploads\/2023\/05\/Nophoto-300x300.jpg 300w, https:\/\/orangutanlovers.org\/wp-content\/uploads\/2023\/05\/Nophoto-150x150.jpg 150w, https:\/\/orangutanlovers.org\/wp-content\/uploads\/2023\/05\/Nophoto-768x768.jpg 768w\" sizes=\"(max-width: 850px) 100vw, 850px\" \/>\t\t\t\t\t\t\t\t\t\t\t\t\t\t\t<\/div>\n\t\t\t\t<\/div>\n\t\t\t\t\t<\/div>\n\t\t<\/div>\n\t\t\t\t<div class=\"elementor-column elementor-col-66 elementor-top-column elementor-element elementor-element-f996e4f\" data-id=\"f996e4f\" data-element_type=\"column\">\n\t\t\t<div class=\"elementor-widget-wrap elementor-element-populated\">\n\t\t\t\t\t\t\t\t<div class=\"elementor-element elementor-element-e7c7915 elementor-widget elementor-widget-text-editor\" data-id=\"e7c7915\" data-element_type=\"widget\" data-widget_type=\"text-editor.default\">\n\t\t\t\t<div class=\"elementor-widget-container\">\n\t\t\t<style>\/*! elementor - v3.13.3 - 28-05-2023 *\/\n.elementor-widget-text-editor.elementor-drop-cap-view-stacked .elementor-drop-cap{background-color:#69727d;color:#fff}.elementor-widget-text-editor.elementor-drop-cap-view-framed .elementor-drop-cap{color:#69727d;border:3px solid;background-color:transparent}.elementor-widget-text-editor:not(.elementor-drop-cap-view-default) .elementor-drop-cap{margin-top:8px}.elementor-widget-text-editor:not(.elementor-drop-cap-view-default) .elementor-drop-cap-letter{width:1em;height:1em}.elementor-widget-text-editor .elementor-drop-cap{float:left;text-align:center;line-height:1;font-size:50px}.elementor-widget-text-editor .elementor-drop-cap-letter{display:inline-block}<\/style>\t\t\t\t<p class=\"p1\"><b>Nom :<\/b><span class=\"Apple-converted-space\"> Vendel<\/span><\/p><p class=\"p1\"><b>Sexe :<\/b><span class=\"Apple-converted-space\"> M\u00e2le<\/span><\/p><p class=\"p1\"><b>\u00a0<\/b><\/p><p class=\"p1\"><b>Date de naissance :<\/b>\u00a0<span class=\"Apple-converted-space\"> 15\/8\/2000<\/span><\/p><p class=\"p1\"><b>Lieu de naissance :<\/b>\u00a0 \u00a0<span class=\"Apple-converted-space\">\u00a0<\/span><\/p><p class=\"p1\"><b>\u00a0<\/b><\/p><p class=\"p1\"><b>Esp\u00e8ce :<\/b><span class=\"Apple-converted-space\"> Sumatra<\/span><\/p><p class=\"p1\"><b>P\u00e8re :\u00a0<\/b>\u00a0 \u00a0<\/p><p class=\"p1\"><b>M\u00e8re :<\/b>\u00a0 \u00a0<\/p><p class=\"p1\"><b>Enfant(s) :<\/b>\u00a0 \u00a0Kettawa, Padma<\/p><p class=\"p1\"><b>Ancien parc : <\/b>Zoo d&rsquo;Amn\u00e9ville<\/p><p class=\"p1\"><b>Sp\u00e9cificit\u00e9s :<\/b>\u00a0 \u00a0<\/p>\t\t\t\t\t\t<\/div>\n\t\t\t\t<\/div>\n\t\t\t\t\t<\/div>\n\t\t<\/div>\n\t\t\t\t\t\t\t<\/div>\n\t\t<\/section>\n\t\t\t\t<section class=\"elementor-section elementor-top-section elementor-element elementor-element-eeb1507 elementor-section-boxed elementor-section-height-default elementor-section-height-default\" data-id=\"eeb1507\" data-element_type=\"section\">\n\t\t\t\t\t\t<div class=\"elementor-container elementor-column-gap-default\">\n\t\t\t\t\t<div class=\"elementor-column elementor-col-33 elementor-top-column elementor-element elementor-element-d510fb9\" data-id=\"d510fb9\" data-element_type=\"column\">\n\t\t\t<div class=\"elementor-widget-wrap elementor-element-populated\">\n\t\t\t\t\t\t\t\t<div class=\"elementor-element elementor-element-c984413 elementor-widget elementor-widget-image\" data-id=\"c984413\" data-element_type=\"widget\" data-widget_type=\"image.default\">\n\t\t\t\t<div class=\"elementor-widget-container\">\n\t\t\t\t\t\t\t\t\t\t\t\t\t\t\t<img decoding=\"async\" width=\"850\" height=\"850\" src=\"https:\/\/orangutanlovers.org\/wp-content\/uploads\/2023\/05\/Nophoto.jpg\" class=\"attachment-large size-large wp-image-1192\" alt=\"\" loading=\"lazy\" srcset=\"https:\/\/orangutanlovers.org\/wp-content\/uploads\/2023\/05\/Nophoto.jpg 850w, https:\/\/orangutanlovers.org\/wp-content\/uploads\/2023\/05\/Nophoto-300x300.jpg 300w, https:\/\/orangutanlovers.org\/wp-content\/uploads\/2023\/05\/Nophoto-150x150.jpg 150w, https:\/\/orangutanlovers.org\/wp-content\/uploads\/2023\/05\/Nophoto-768x768.jpg 768w\" sizes=\"(max-width: 850px) 100vw, 850px\" \/>\t\t\t\t\t\t\t\t\t\t\t\t\t\t\t<\/div>\n\t\t\t\t<\/div>\n\t\t\t\t\t<\/div>\n\t\t<\/div>\n\t\t\t\t<div class=\"elementor-column elementor-col-66 elementor-top-column elementor-element elementor-element-760033a\" data-id=\"760033a\" data-element_type=\"column\">\n\t\t\t<div class=\"elementor-widget-wrap elementor-element-populated\">\n\t\t\t\t\t\t\t\t<div class=\"elementor-element elementor-element-da7a181 elementor-widget elementor-widget-text-editor\" data-id=\"da7a181\" data-element_type=\"widget\" data-widget_type=\"text-editor.default\">\n\t\t\t\t<div class=\"elementor-widget-container\">\n\t\t\t\t\t\t\t<p class=\"p1\"><b>Nom :<\/b><span class=\"Apple-converted-space\"> Maia<\/span><\/p><p class=\"p1\"><b>Sexe :<\/b><span class=\"Apple-converted-space\"> Femelle<\/span><\/p><p class=\"p1\"><b>\u00a0<\/b><\/p><p class=\"p1\"><b>Date de naissance :<\/b>\u00a0<span class=\"Apple-converted-space\"> 7\/12\/2007<\/span><\/p><p class=\"p1\"><b>Lieu de naissance :<\/b>\u00a0 \u00a0<span class=\"Apple-converted-space\">\u00a0<\/span><\/p><p class=\"p1\"><b>\u00a0<\/b><\/p><p class=\"p1\"><b>Esp\u00e8ce :<\/b><span class=\"Apple-converted-space\"> Sumatra<\/span><\/p><p class=\"p1\"><b>P\u00e8re :\u00a0<\/b>\u00a0 \u00a0<\/p><p class=\"p1\"><b>M\u00e8re :<\/b>\u00a0 \u00a0<\/p><p class=\"p1\"><b>Enfant(s) :<\/b>\u00a0 \u00a0Padma<\/p><p class=\"p1\"><b>Ancien parc : <\/b>Zoo de Leipzig<\/p><p class=\"p1\"><b>Sp\u00e9cificit\u00e9s :<\/b>\u00a0 \u00a0<\/p>\t\t\t\t\t\t<\/div>\n\t\t\t\t<\/div>\n\t\t\t\t\t<\/div>\n\t\t<\/div>\n\t\t\t\t\t\t\t<\/div>\n\t\t<\/section>\n\t\t\t\t<section class=\"elementor-section elementor-top-section elementor-element elementor-element-ccecfe3 elementor-section-boxed elementor-section-height-default elementor-section-height-default\" data-id=\"ccecfe3\" data-element_type=\"section\">\n\t\t\t\t\t\t<div class=\"elementor-container elementor-column-gap-default\">\n\t\t\t\t\t<div class=\"elementor-column elementor-col-33 elementor-top-column elementor-element elementor-element-bf2e5b9\" data-id=\"bf2e5b9\" data-element_type=\"column\">\n\t\t\t<div class=\"elementor-widget-wrap elementor-element-populated\">\n\t\t\t\t\t\t\t\t<div class=\"elementor-element elementor-element-909aa2b elementor-widget elementor-widget-image\" data-id=\"909aa2b\" data-element_type=\"widget\" data-widget_type=\"image.default\">\n\t\t\t\t<div class=\"elementor-widget-container\">\n\t\t\t\t\t\t\t\t\t\t\t\t\t\t\t<img decoding=\"async\" width=\"850\" height=\"850\" src=\"https:\/\/orangutanlovers.org\/wp-content\/uploads\/2023\/05\/Nophoto.jpg\" class=\"attachment-large size-large wp-image-1192\" alt=\"\" loading=\"lazy\" srcset=\"https:\/\/orangutanlovers.org\/wp-content\/uploads\/2023\/05\/Nophoto.jpg 850w, https:\/\/orangutanlovers.org\/wp-content\/uploads\/2023\/05\/Nophoto-300x300.jpg 300w, https:\/\/orangutanlovers.org\/wp-content\/uploads\/2023\/05\/Nophoto-150x150.jpg 150w, https:\/\/orangutanlovers.org\/wp-content\/uploads\/2023\/05\/Nophoto-768x768.jpg 768w\" sizes=\"(max-width: 850px) 100vw, 850px\" \/>\t\t\t\t\t\t\t\t\t\t\t\t\t\t\t<\/div>\n\t\t\t\t<\/div>\n\t\t\t\t\t<\/div>\n\t\t<\/div>\n\t\t\t\t<div class=\"elementor-column elementor-col-66 elementor-top-column elementor-element elementor-element-9f81db7\" data-id=\"9f81db7\" data-element_type=\"column\">\n\t\t\t<div class=\"elementor-widget-wrap elementor-element-populated\">\n\t\t\t\t\t\t\t\t<div class=\"elementor-element elementor-element-754434b elementor-widget elementor-widget-text-editor\" data-id=\"754434b\" data-element_type=\"widget\" data-widget_type=\"text-editor.default\">\n\t\t\t\t<div class=\"elementor-widget-container\">\n\t\t\t\t\t\t\t<p class=\"p1\"><b>Nom :<\/b><span class=\"Apple-converted-space\"> Padma<\/span><\/p><p class=\"p1\"><b>Sexe :<\/b><span class=\"Apple-converted-space\"> Femelle<\/span><\/p><p class=\"p1\"><b>\u00a0<\/b><\/p><p class=\"p1\"><b>Date de naissance :<\/b>\u00a0<span class=\"Apple-converted-space\"> 7\/8\/2018<\/span><\/p><p class=\"p1\"><b>Lieu de naissance :<\/b>\u00a0 \u00a0<span class=\"Apple-converted-space\"> Zoo de B\u00e2le<\/span><\/p><p class=\"p1\"><b>\u00a0<\/b><\/p><p class=\"p1\"><b>Esp\u00e8ce :<\/b><span class=\"Apple-converted-space\"> Sumatra<\/span><\/p><p class=\"p1\"><b>P\u00e8re :\u00a0<\/b>\u00a0 \u00a0Vendel<\/p><p class=\"p1\"><b>M\u00e8re :<\/b>\u00a0 \u00a0Maia<\/p><p class=\"p1\"><b>Enfant(s) :<\/b>\u00a0 \u00a0<\/p><p class=\"p1\"><b>Ancien parc :<\/b><\/p><p class=\"p1\"><b>Sp\u00e9cificit\u00e9s :<\/b>\u00a0 \u00a0<\/p>\t\t\t\t\t\t<\/div>\n\t\t\t\t<\/div>\n\t\t\t\t\t<\/div>\n\t\t<\/div>\n\t\t\t\t\t\t\t<\/div>\n\t\t<\/section>\n\t\t\t\t<section class=\"elementor-section elementor-top-section elementor-element elementor-element-16f3a7c elementor-section-boxed elementor-section-height-default elementor-section-height-default\" data-id=\"16f3a7c\" data-element_type=\"section\">\n\t\t\t\t\t\t<div class=\"elementor-container elementor-column-gap-default\">\n\t\t\t\t\t<div class=\"elementor-column elementor-col-33 elementor-top-column elementor-element elementor-element-f70cc53\" data-id=\"f70cc53\" data-element_type=\"column\">\n\t\t\t<div class=\"elementor-widget-wrap elementor-element-populated\">\n\t\t\t\t\t\t\t\t<div class=\"elementor-element elementor-element-9de086f elementor-widget elementor-widget-image\" data-id=\"9de086f\" data-element_type=\"widget\" data-widget_type=\"image.default\">\n\t\t\t\t<div class=\"elementor-widget-container\">\n\t\t\t\t\t\t\t\t\t\t\t\t\t\t\t<img decoding=\"async\" width=\"850\" height=\"850\" src=\"https:\/\/orangutanlovers.org\/wp-content\/uploads\/2023\/05\/Nophoto.jpg\" class=\"attachment-large size-large wp-image-1192\" alt=\"\" loading=\"lazy\" srcset=\"https:\/\/orangutanlovers.org\/wp-content\/uploads\/2023\/05\/Nophoto.jpg 850w, https:\/\/orangutanlovers.org\/wp-content\/uploads\/2023\/05\/Nophoto-300x300.jpg 300w, https:\/\/orangutanlovers.org\/wp-content\/uploads\/2023\/05\/Nophoto-150x150.jpg 150w, https:\/\/orangutanlovers.org\/wp-content\/uploads\/2023\/05\/Nophoto-768x768.jpg 768w\" sizes=\"(max-width: 850px) 100vw, 850px\" \/>\t\t\t\t\t\t\t\t\t\t\t\t\t\t\t<\/div>\n\t\t\t\t<\/div>\n\t\t\t\t\t<\/div>\n\t\t<\/div>\n\t\t\t\t<div class=\"elementor-column elementor-col-66 elementor-top-column elementor-element elementor-element-8695ddd\" data-id=\"8695ddd\" data-element_type=\"column\">\n\t\t\t<div class=\"elementor-widget-wrap elementor-element-populated\">\n\t\t\t\t\t\t\t\t<div class=\"elementor-element elementor-element-2200fc7 elementor-widget elementor-widget-text-editor\" data-id=\"2200fc7\" data-element_type=\"widget\" data-widget_type=\"text-editor.default\">\n\t\t\t\t<div class=\"elementor-widget-container\">\n\t\t\t\t\t\t\t<p class=\"p1\"><b>Nom :<\/b><span class=\"Apple-converted-space\">\u00a0Silvestre<\/span><\/p><p class=\"p1\"><b>Sexe :<\/b><span class=\"Apple-converted-space\">\u00a0M\u00e2le<\/span><\/p><p class=\"p1\"><b>\u00a0<\/b><\/p><p class=\"p1\"><b>Date de naissance :<\/b>\u00a0<span class=\"Apple-converted-space\">\u00a031\/12\/2009<\/span><\/p><p class=\"p1\"><b>Lieu de naissance :<\/b>\u00a0 \u00a0<span class=\"Apple-converted-space\">\u00a0Zoo de Santillana<\/span><\/p><p class=\"p1\"><b>\u00a0<\/b><\/p><p class=\"p1\"><b>Esp\u00e8ce :<\/b><span class=\"Apple-converted-space\"> Sumatra<\/span><\/p><p class=\"p1\"><b>P\u00e8re :\u00a0<\/b>\u00a0 Budi<\/p><p class=\"p1\"><b>M\u00e8re :<\/b>\u00a0 \u00a0Maria \u2020<\/p><p class=\"p1\"><b>Enfant(s) :<\/b>\u00a0 \u00a0<\/p><p class=\"p1\"><b>Ancien parc : <\/b>Zoo de Santillana (Espagne)<\/p><p class=\"p1\"><b>Sp\u00e9cificit\u00e9s :<\/b>\u00a0 \u00a0<\/p>\t\t\t\t\t\t<\/div>\n\t\t\t\t<\/div>\n\t\t\t\t\t<\/div>\n\t\t<\/div>\n\t\t\t\t\t\t\t<\/div>\n\t\t<\/section>\n\t\t\t\t<section class=\"elementor-section elementor-top-section elementor-element elementor-element-c6d9da9 elementor-section-boxed elementor-section-height-default elementor-section-height-default\" data-id=\"c6d9da9\" data-element_type=\"section\">\n\t\t\t\t\t\t<div class=\"elementor-container elementor-column-gap-default\">\n\t\t\t\t\t<div class=\"elementor-column elementor-col-33 elementor-top-column elementor-element elementor-element-8323fa1\" data-id=\"8323fa1\" data-element_type=\"column\">\n\t\t\t<div class=\"elementor-widget-wrap elementor-element-populated\">\n\t\t\t\t\t\t\t\t<div class=\"elementor-element elementor-element-d40c012 elementor-widget elementor-widget-image\" data-id=\"d40c012\" data-element_type=\"widget\" data-widget_type=\"image.default\">\n\t\t\t\t<div class=\"elementor-widget-container\">\n\t\t\t\t\t\t\t\t\t\t\t\t\t\t\t<img decoding=\"async\" width=\"850\" height=\"850\" src=\"https:\/\/orangutanlovers.org\/wp-content\/uploads\/2023\/05\/Nophoto.jpg\" class=\"attachment-large size-large wp-image-1192\" alt=\"\" loading=\"lazy\" srcset=\"https:\/\/orangutanlovers.org\/wp-content\/uploads\/2023\/05\/Nophoto.jpg 850w, https:\/\/orangutanlovers.org\/wp-content\/uploads\/2023\/05\/Nophoto-300x300.jpg 300w, https:\/\/orangutanlovers.org\/wp-content\/uploads\/2023\/05\/Nophoto-150x150.jpg 150w, https:\/\/orangutanlovers.org\/wp-content\/uploads\/2023\/05\/Nophoto-768x768.jpg 768w\" sizes=\"(max-width: 850px) 100vw, 850px\" \/>\t\t\t\t\t\t\t\t\t\t\t\t\t\t\t<\/div>\n\t\t\t\t<\/div>\n\t\t\t\t\t<\/div>\n\t\t<\/div>\n\t\t\t\t<div class=\"elementor-column elementor-col-66 elementor-top-column elementor-element elementor-element-cc748b3\" data-id=\"cc748b3\" data-element_type=\"column\">\n\t\t\t<div class=\"elementor-widget-wrap elementor-element-populated\">\n\t\t\t\t\t\t\t\t<div class=\"elementor-element elementor-element-8992c92 elementor-widget elementor-widget-text-editor\" data-id=\"8992c92\" data-element_type=\"widget\" data-widget_type=\"text-editor.default\">\n\t\t\t\t<div class=\"elementor-widget-container\">\n\t\t\t\t\t\t\t<p class=\"p1\"><b>Nom :<\/b><span class=\"Apple-converted-space\"> Revital \u2020<\/span><\/p><p class=\"p1\"><b>Sexe :<\/b><span class=\"Apple-converted-space\"> Femelle<\/span><\/p><p class=\"p1\"><b>\u00a0<\/b><\/p><p class=\"p1\"><b>Date de naissance :<\/b>\u00a0<span class=\"Apple-converted-space\"> 14\/6\/2000 &#8211; 30\/1\/2023<\/span><\/p><p class=\"p1\"><b>Lieu de naissance :<\/b>\u00a0 \u00a0<span class=\"Apple-converted-space\">\u00a0<\/span><\/p><p class=\"p1\"><b>\u00a0<\/b><\/p><p class=\"p1\"><b>Esp\u00e8ce :<\/b><span class=\"Apple-converted-space\"> Sumatra<\/span><\/p><p class=\"p1\"><b>P\u00e8re :\u00a0<\/b>\u00a0 \u00a0<\/p><p class=\"p1\"><b>M\u00e8re :<\/b>\u00a0 \u00a0<\/p><p class=\"p1\"><b>Enfant(s) :<\/b>\u00a0 \u00a0Kettawe<\/p><p class=\"p1\"><b>Ancien parc : <\/b>Zoo d&rsquo;Amn\u00e9ville<\/p><p class=\"p1\"><b>Sp\u00e9cificit\u00e9s :<\/b>\u00a0 \u00a0<\/p>\t\t\t\t\t\t<\/div>\n\t\t\t\t<\/div>\n\t\t\t\t\t<\/div>\n\t\t<\/div>\n\t\t\t\t\t\t\t<\/div>\n\t\t<\/section>\n\t\t\t\t<section class=\"elementor-section elementor-top-section elementor-element elementor-element-4a21b79 elementor-section-boxed elementor-section-height-default elementor-section-height-default\" data-id=\"4a21b79\" data-element_type=\"section\">\n\t\t\t\t\t\t<div class=\"elementor-container elementor-column-gap-default\">\n\t\t\t\t\t<div class=\"elementor-column elementor-col-100 elementor-top-column elementor-element elementor-element-a6031c9\" data-id=\"a6031c9\" data-element_type=\"column\">\n\t\t\t<div class=\"elementor-widget-wrap elementor-element-populated\">\n\t\t\t\t\t\t\t\t<div class=\"elementor-element elementor-element-2f7c7d2 elementor-widget elementor-widget-text-editor\" data-id=\"2f7c7d2\" data-element_type=\"widget\" data-widget_type=\"text-editor.default\">\n\t\t\t\t<div class=\"elementor-widget-container\">\n\t\t\t\t\t\t\t<p><a href=\"https:\/\/www.zoobasel.ch\/fr\/\">Site internet<\/a><\/p>\t\t\t\t\t\t<\/div>\n\t\t\t\t<\/div>\n\t\t\t\t\t<\/div>\n\t\t<\/div>\n\t\t\t\t\t\t\t<\/div>\n\t\t<\/section>\n\t\t\t\t\t\t\t<\/div>\n\t\t","protected":false},"excerpt":{"rendered":"<p>Zoo de B\u00e2le Nom : Vendel Sexe : M\u00e2le \u00a0 Date de naissance :\u00a0 15\/8\/2000 Lieu de naissance :\u00a0 \u00a0\u00a0 \u00a0 Esp\u00e8ce : Sumatra P\u00e8re :\u00a0\u00a0 \u00a0 M\u00e8re :\u00a0 \u00a0 Enfant(s) :\u00a0 \u00a0Kettawa, Padma Ancien parc : Zoo d&rsquo;Amn\u00e9ville Sp\u00e9cificit\u00e9s :\u00a0 \u00a0 Nom : Maia Sexe : Femelle \u00a0 Date de naissance :\u00a0 7\/12\/2007 Lieu &hellip;<\/p>\n<p class=\"read-more\"> <a class=\"\" href=\"https:\/\/orangutanlovers.org\/?page_id=1998\"> <span class=\"screen-reader-text\">Zoo de B\u00e2le<\/span> Lire la suite\u00a0\u00bb<\/a><\/p>\n","protected":false},"author":1,"featured_media":0,"parent":0,"menu_order":0,"comment_status":"closed","ping_status":"closed","template":"","meta":{"site-sidebar-layout":"no-sidebar","site-content-layout":"page-builder","ast-global-header-display":"","ast-banner-title-visibility":"","ast-main-header-display":"","ast-hfb-above-header-display":"","ast-hfb-below-header-display":"","ast-hfb-mobile-header-display":"","site-post-title":"disabled","ast-breadcrumbs-content":"","ast-featured-img":"disabled","footer-sml-layout":"","theme-transparent-header-meta":"","adv-header-id-meta":"","stick-header-meta":"","header-above-stick-meta":"","header-main-stick-meta":"","header-below-stick-meta":""},"_links":{"self":[{"href":"https:\/\/orangutanlovers.org\/index.php?rest_route=\/wp\/v2\/pages\/1998"}],"collection":[{"href":"https:\/\/orangutanlovers.org\/index.php?rest_route=\/wp\/v2\/pages"}],"about":[{"href":"https:\/\/orangutanlovers.org\/index.php?rest_route=\/wp\/v2\/types\/page"}],"author":[{"embeddable":true,"href":"https:\/\/orangutanlovers.org\/index.php?rest_route=\/wp\/v2\/users\/1"}],"replies":[{"embeddable":true,"href":"https:\/\/orangutanlovers.org\/index.php?rest_route=%2Fwp%2Fv2%2Fcomments&post=1998"}],"version-history":[{"count":27,"href":"https:\/\/orangutanlovers.org\/index.php?rest_route=\/wp\/v2\/pages\/1998\/revisions"}],"predecessor-version":[{"id":2287,"href":"https:\/\/orangutanlovers.org\/index.php?rest_route=\/wp\/v2\/pages\/1998\/revisions\/2287"}],"wp:attachment":[{"href":"https:\/\/orangutanlovers.org\/index.php?rest_route=%2Fwp%2Fv2%2Fmedia&parent=1998"}],"curies":[{"name":"wp","href":"https:\/\/api.w.org\/{rel}","templated":true}]}}