{"id":1828,"date":"2023-05-27T09:09:53","date_gmt":"2023-05-27T09:09:53","guid":{"rendered":"http:\/\/orangutanlovers.org\/?page_id=1828"},"modified":"2023-06-10T19:41:10","modified_gmt":"2023-06-10T19:41:10","slug":"allwetterzoo-munster","status":"publish","type":"page","link":"https:\/\/orangutanlovers.org\/?page_id=1828","title":{"rendered":"Allwetterzoo M\u00fcnster"},"content":{"rendered":"\t\t<div data-elementor-type=\"wp-page\" data-elementor-id=\"1828\" class=\"elementor elementor-1828\">\n\t\t\t\t\t\t\t\t\t<section class=\"elementor-section elementor-top-section elementor-element elementor-element-e544ad4 elementor-section-height-min-height elementor-section-boxed elementor-section-height-default elementor-section-items-middle\" data-id=\"e544ad4\" data-element_type=\"section\" data-settings=\"{&quot;background_background&quot;:&quot;classic&quot;}\">\n\t\t\t\t\t\t\t<div class=\"elementor-background-overlay\"><\/div>\n\t\t\t\t\t\t\t<div class=\"elementor-container elementor-column-gap-no\">\n\t\t\t\t\t<div class=\"elementor-column elementor-col-100 elementor-top-column elementor-element elementor-element-83df4d2\" data-id=\"83df4d2\" data-element_type=\"column\">\n\t\t\t<div class=\"elementor-widget-wrap elementor-element-populated\">\n\t\t\t\t\t\t\t\t<div class=\"elementor-element elementor-element-e726ff0 elementor-widget elementor-widget-heading\" data-id=\"e726ff0\" data-element_type=\"widget\" data-widget_type=\"heading.default\">\n\t\t\t\t<div class=\"elementor-widget-container\">\n\t\t\t<style>\/*! elementor - v3.13.3 - 28-05-2023 *\/\n.elementor-heading-title{padding:0;margin:0;line-height:1}.elementor-widget-heading .elementor-heading-title[class*=elementor-size-]>a{color:inherit;font-size:inherit;line-height:inherit}.elementor-widget-heading .elementor-heading-title.elementor-size-small{font-size:15px}.elementor-widget-heading .elementor-heading-title.elementor-size-medium{font-size:19px}.elementor-widget-heading .elementor-heading-title.elementor-size-large{font-size:29px}.elementor-widget-heading .elementor-heading-title.elementor-size-xl{font-size:39px}.elementor-widget-heading .elementor-heading-title.elementor-size-xxl{font-size:59px}<\/style><h1 class=\"elementor-heading-title elementor-size-default\">Allwetterzoo M\u00fcnster<\/h1>\t\t<\/div>\n\t\t\t\t<\/div>\n\t\t\t\t\t<\/div>\n\t\t<\/div>\n\t\t\t\t\t\t\t<\/div>\n\t\t<\/section>\n\t\t\t\t<section class=\"elementor-section elementor-top-section elementor-element elementor-element-d3a7314 elementor-section-boxed elementor-section-height-default elementor-section-height-default\" data-id=\"d3a7314\" data-element_type=\"section\">\n\t\t\t\t\t\t<div class=\"elementor-container elementor-column-gap-default\">\n\t\t\t\t\t<div class=\"elementor-column elementor-col-33 elementor-top-column elementor-element elementor-element-8c9aae0\" data-id=\"8c9aae0\" data-element_type=\"column\">\n\t\t\t<div class=\"elementor-widget-wrap elementor-element-populated\">\n\t\t\t\t\t\t\t\t<div class=\"elementor-element elementor-element-52e48b4 elementor-widget elementor-widget-image\" data-id=\"52e48b4\" data-element_type=\"widget\" data-widget_type=\"image.default\">\n\t\t\t\t<div class=\"elementor-widget-container\">\n\t\t\t<style>\/*! elementor - v3.13.3 - 28-05-2023 *\/\n.elementor-widget-image{text-align:center}.elementor-widget-image a{display:inline-block}.elementor-widget-image a img[src$=\".svg\"]{width:48px}.elementor-widget-image img{vertical-align:middle;display:inline-block}<\/style>\t\t\t\t\t\t\t\t\t\t\t\t<img decoding=\"async\" width=\"850\" height=\"850\" src=\"https:\/\/orangutanlovers.org\/wp-content\/uploads\/2023\/05\/Nophoto.jpg\" class=\"attachment-large size-large wp-image-1192\" alt=\"\" loading=\"lazy\" srcset=\"https:\/\/orangutanlovers.org\/wp-content\/uploads\/2023\/05\/Nophoto.jpg 850w, https:\/\/orangutanlovers.org\/wp-content\/uploads\/2023\/05\/Nophoto-300x300.jpg 300w, https:\/\/orangutanlovers.org\/wp-content\/uploads\/2023\/05\/Nophoto-150x150.jpg 150w, https:\/\/orangutanlovers.org\/wp-content\/uploads\/2023\/05\/Nophoto-768x768.jpg 768w\" sizes=\"(max-width: 850px) 100vw, 850px\" \/>\t\t\t\t\t\t\t\t\t\t\t\t\t\t\t<\/div>\n\t\t\t\t<\/div>\n\t\t\t\t\t<\/div>\n\t\t<\/div>\n\t\t\t\t<div class=\"elementor-column elementor-col-66 elementor-top-column elementor-element elementor-element-94be307\" data-id=\"94be307\" data-element_type=\"column\">\n\t\t\t<div class=\"elementor-widget-wrap elementor-element-populated\">\n\t\t\t\t\t\t\t\t<div class=\"elementor-element elementor-element-0c14e60 elementor-widget elementor-widget-text-editor\" data-id=\"0c14e60\" data-element_type=\"widget\" data-widget_type=\"text-editor.default\">\n\t\t\t\t<div class=\"elementor-widget-container\">\n\t\t\t<style>\/*! elementor - v3.13.3 - 28-05-2023 *\/\n.elementor-widget-text-editor.elementor-drop-cap-view-stacked .elementor-drop-cap{background-color:#69727d;color:#fff}.elementor-widget-text-editor.elementor-drop-cap-view-framed .elementor-drop-cap{color:#69727d;border:3px solid;background-color:transparent}.elementor-widget-text-editor:not(.elementor-drop-cap-view-default) .elementor-drop-cap{margin-top:8px}.elementor-widget-text-editor:not(.elementor-drop-cap-view-default) .elementor-drop-cap-letter{width:1em;height:1em}.elementor-widget-text-editor .elementor-drop-cap{float:left;text-align:center;line-height:1;font-size:50px}.elementor-widget-text-editor .elementor-drop-cap-letter{display:inline-block}<\/style>\t\t\t\t<p class=\"p1\"><b>Nom :<\/b><span class=\"Apple-converted-space\"> Niah<\/span><\/p><p class=\"p1\"><b>Sexe :<\/b><span class=\"Apple-converted-space\">\u00a0<\/span><\/p><p class=\"p1\"><b>\u00a0<\/b><\/p><p class=\"p1\"><b>Date de naissance :<\/b>\u00a0<span class=\"Apple-converted-space\"> 8\/05\/2013<\/span><\/p><p class=\"p1\"><b>Lieu de naissance :<\/b>\u00a0 \u00a0<span class=\"Apple-converted-space\">\u00a0<\/span><\/p><p class=\"p1\"><b>\u00a0<\/b><\/p><p class=\"p1\"><b>Esp\u00e8ce :<\/b><span class=\"Apple-converted-space\"> Born\u00e9o<\/span><\/p><p class=\"p1\"><b>P\u00e8re :\u00a0<\/b>\u00a0 \u00a0<\/p><p class=\"p1\"><b>M\u00e8re :<\/b>\u00a0 \u00a0<\/p><p class=\"p1\"><b>Enfant(s) :<\/b>\u00a0 \u00a0<\/p><p class=\"p1\"><b>Ancien parc :<\/b><\/p><p class=\"p1\"><b>Sp\u00e9cificit\u00e9s :<\/b>\u00a0 \u00a0<\/p>\t\t\t\t\t\t<\/div>\n\t\t\t\t<\/div>\n\t\t\t\t\t<\/div>\n\t\t<\/div>\n\t\t\t\t\t\t\t<\/div>\n\t\t<\/section>\n\t\t\t\t<section class=\"elementor-section elementor-top-section elementor-element elementor-element-b1a6317 elementor-section-boxed elementor-section-height-default elementor-section-height-default\" data-id=\"b1a6317\" data-element_type=\"section\">\n\t\t\t\t\t\t<div class=\"elementor-container elementor-column-gap-default\">\n\t\t\t\t\t<div class=\"elementor-column elementor-col-33 elementor-top-column elementor-element elementor-element-db69e2f\" data-id=\"db69e2f\" data-element_type=\"column\">\n\t\t\t<div class=\"elementor-widget-wrap elementor-element-populated\">\n\t\t\t\t\t\t\t\t<div class=\"elementor-element elementor-element-d69d837 elementor-widget elementor-widget-image\" data-id=\"d69d837\" data-element_type=\"widget\" data-widget_type=\"image.default\">\n\t\t\t\t<div class=\"elementor-widget-container\">\n\t\t\t\t\t\t\t\t\t\t\t\t\t\t\t<img decoding=\"async\" width=\"850\" height=\"850\" src=\"https:\/\/orangutanlovers.org\/wp-content\/uploads\/2023\/05\/Nophoto.jpg\" class=\"attachment-large size-large wp-image-1192\" alt=\"\" loading=\"lazy\" srcset=\"https:\/\/orangutanlovers.org\/wp-content\/uploads\/2023\/05\/Nophoto.jpg 850w, https:\/\/orangutanlovers.org\/wp-content\/uploads\/2023\/05\/Nophoto-300x300.jpg 300w, https:\/\/orangutanlovers.org\/wp-content\/uploads\/2023\/05\/Nophoto-150x150.jpg 150w, https:\/\/orangutanlovers.org\/wp-content\/uploads\/2023\/05\/Nophoto-768x768.jpg 768w\" sizes=\"(max-width: 850px) 100vw, 850px\" \/>\t\t\t\t\t\t\t\t\t\t\t\t\t\t\t<\/div>\n\t\t\t\t<\/div>\n\t\t\t\t\t<\/div>\n\t\t<\/div>\n\t\t\t\t<div class=\"elementor-column elementor-col-66 elementor-top-column elementor-element elementor-element-6205c6d\" data-id=\"6205c6d\" data-element_type=\"column\">\n\t\t\t<div class=\"elementor-widget-wrap elementor-element-populated\">\n\t\t\t\t\t\t\t\t<div class=\"elementor-element elementor-element-45255fe elementor-widget elementor-widget-text-editor\" data-id=\"45255fe\" data-element_type=\"widget\" data-widget_type=\"text-editor.default\">\n\t\t\t\t<div class=\"elementor-widget-container\">\n\t\t\t\t\t\t\t<p class=\"p1\"><b>Nom :<\/b><span class=\"Apple-converted-space\"> Mandi<\/span><\/p><p class=\"p1\"><b>Sexe :<\/b><span class=\"Apple-converted-space\"> Femelle<\/span><\/p><p class=\"p1\"><b>\u00a0<\/b><\/p><p class=\"p1\"><b>Date de naissance :<\/b>\u00a0<span class=\"Apple-converted-space\">\u00a0<\/span><\/p><p class=\"p1\"><b>Lieu de naissance :<\/b>\u00a0 \u00a0<span class=\"Apple-converted-space\">\u00a0<\/span><\/p><p class=\"p1\"><b>\u00a0<\/b><\/p><p class=\"p1\"><b>Esp\u00e8ce :<\/b><span class=\"Apple-converted-space\"> Born\u00e9o<\/span><\/p><p class=\"p1\"><b>P\u00e8re :\u00a0<\/b>\u00a0 \u00a0<\/p><p class=\"p1\"><b>M\u00e8re :<\/b>\u00a0 \u00a0<\/p><p class=\"p1\"><b>Enfant(s) :<\/b>\u00a0 \u00a0nouveau-n\u00e9<\/p><p class=\"p1\"><b>Ancien parc :\u00a0<\/b><\/p><p class=\"p1\"><b>Sp\u00e9cificit\u00e9s :<\/b>\u00a0 I<\/p>\t\t\t\t\t\t<\/div>\n\t\t\t\t<\/div>\n\t\t\t\t\t<\/div>\n\t\t<\/div>\n\t\t\t\t\t\t\t<\/div>\n\t\t<\/section>\n\t\t\t\t<section class=\"elementor-section elementor-top-section elementor-element elementor-element-0046c4d elementor-section-boxed elementor-section-height-default elementor-section-height-default\" data-id=\"0046c4d\" data-element_type=\"section\">\n\t\t\t\t\t\t<div class=\"elementor-container elementor-column-gap-default\">\n\t\t\t\t\t<div class=\"elementor-column elementor-col-33 elementor-top-column elementor-element elementor-element-08d2b3b\" data-id=\"08d2b3b\" data-element_type=\"column\">\n\t\t\t<div class=\"elementor-widget-wrap elementor-element-populated\">\n\t\t\t\t\t\t\t\t<div class=\"elementor-element elementor-element-19fdce2 elementor-widget elementor-widget-image\" data-id=\"19fdce2\" data-element_type=\"widget\" data-widget_type=\"image.default\">\n\t\t\t\t<div class=\"elementor-widget-container\">\n\t\t\t\t\t\t\t\t\t\t\t\t\t\t\t<img decoding=\"async\" width=\"850\" height=\"850\" src=\"https:\/\/orangutanlovers.org\/wp-content\/uploads\/2023\/05\/Nophoto.jpg\" class=\"attachment-large size-large wp-image-1192\" alt=\"\" loading=\"lazy\" srcset=\"https:\/\/orangutanlovers.org\/wp-content\/uploads\/2023\/05\/Nophoto.jpg 850w, https:\/\/orangutanlovers.org\/wp-content\/uploads\/2023\/05\/Nophoto-300x300.jpg 300w, https:\/\/orangutanlovers.org\/wp-content\/uploads\/2023\/05\/Nophoto-150x150.jpg 150w, https:\/\/orangutanlovers.org\/wp-content\/uploads\/2023\/05\/Nophoto-768x768.jpg 768w\" sizes=\"(max-width: 850px) 100vw, 850px\" \/>\t\t\t\t\t\t\t\t\t\t\t\t\t\t\t<\/div>\n\t\t\t\t<\/div>\n\t\t\t\t\t<\/div>\n\t\t<\/div>\n\t\t\t\t<div class=\"elementor-column elementor-col-66 elementor-top-column elementor-element elementor-element-b7233b4\" data-id=\"b7233b4\" data-element_type=\"column\">\n\t\t\t<div class=\"elementor-widget-wrap elementor-element-populated\">\n\t\t\t\t\t\t\t\t<div class=\"elementor-element elementor-element-20d33d1 elementor-widget elementor-widget-text-editor\" data-id=\"20d33d1\" data-element_type=\"widget\" data-widget_type=\"text-editor.default\">\n\t\t\t\t<div class=\"elementor-widget-container\">\n\t\t\t\t\t\t\t<p class=\"p1\"><b>Nom :<\/b><span class=\"Apple-converted-space\"> Temmy<\/span><\/p><p class=\"p1\"><b>Sexe :<\/b><span class=\"Apple-converted-space\">\u00a0<\/span><\/p><p class=\"p1\"><b>\u00a0<\/b><\/p><p class=\"p1\"><b>Date de naissance :<\/b>\u00a0<span class=\"Apple-converted-space\">\u00a0<\/span><\/p><p class=\"p1\"><b>Lieu de naissance :<\/b>\u00a0 \u00a0<span class=\"Apple-converted-space\">\u00a0<\/span><\/p><p class=\"p1\"><b>\u00a0<\/b><\/p><p class=\"p1\"><b>Esp\u00e8ce :<\/b><span class=\"Apple-converted-space\"> Born\u00e9o<\/span><\/p><p class=\"p1\"><b>P\u00e8re :\u00a0<\/b>\u00a0 \u00a0<\/p><p class=\"p1\"><b>M\u00e8re :<\/b>\u00a0 \u00a0<\/p><p class=\"p1\"><b>Enfant(s) :<\/b>\u00a0 \u00a0<\/p><p class=\"p1\"><b>Ancien parc :\u00a0<\/b><\/p><p class=\"p1\"><b>Sp\u00e9cificit\u00e9s :<\/b>\u00a0 I<\/p>\t\t\t\t\t\t<\/div>\n\t\t\t\t<\/div>\n\t\t\t\t\t<\/div>\n\t\t<\/div>\n\t\t\t\t\t\t\t<\/div>\n\t\t<\/section>\n\t\t\t\t<section class=\"elementor-section elementor-top-section elementor-element elementor-element-728209b elementor-section-boxed elementor-section-height-default elementor-section-height-default\" data-id=\"728209b\" data-element_type=\"section\">\n\t\t\t\t\t\t<div class=\"elementor-container elementor-column-gap-default\">\n\t\t\t\t\t<div class=\"elementor-column elementor-col-33 elementor-top-column elementor-element elementor-element-74f54d7\" data-id=\"74f54d7\" data-element_type=\"column\">\n\t\t\t<div class=\"elementor-widget-wrap elementor-element-populated\">\n\t\t\t\t\t\t\t\t<div class=\"elementor-element elementor-element-a1e2cb4 elementor-widget elementor-widget-image\" data-id=\"a1e2cb4\" data-element_type=\"widget\" data-widget_type=\"image.default\">\n\t\t\t\t<div class=\"elementor-widget-container\">\n\t\t\t\t\t\t\t\t\t\t\t\t\t\t\t<img decoding=\"async\" width=\"850\" height=\"850\" src=\"https:\/\/orangutanlovers.org\/wp-content\/uploads\/2023\/05\/Nophoto.jpg\" class=\"attachment-large size-large wp-image-1192\" alt=\"\" loading=\"lazy\" srcset=\"https:\/\/orangutanlovers.org\/wp-content\/uploads\/2023\/05\/Nophoto.jpg 850w, https:\/\/orangutanlovers.org\/wp-content\/uploads\/2023\/05\/Nophoto-300x300.jpg 300w, https:\/\/orangutanlovers.org\/wp-content\/uploads\/2023\/05\/Nophoto-150x150.jpg 150w, https:\/\/orangutanlovers.org\/wp-content\/uploads\/2023\/05\/Nophoto-768x768.jpg 768w\" sizes=\"(max-width: 850px) 100vw, 850px\" \/>\t\t\t\t\t\t\t\t\t\t\t\t\t\t\t<\/div>\n\t\t\t\t<\/div>\n\t\t\t\t\t<\/div>\n\t\t<\/div>\n\t\t\t\t<div class=\"elementor-column elementor-col-66 elementor-top-column elementor-element elementor-element-7eb1715\" data-id=\"7eb1715\" data-element_type=\"column\">\n\t\t\t<div class=\"elementor-widget-wrap elementor-element-populated\">\n\t\t\t\t\t\t\t\t<div class=\"elementor-element elementor-element-6b12c16 elementor-widget elementor-widget-text-editor\" data-id=\"6b12c16\" data-element_type=\"widget\" data-widget_type=\"text-editor.default\">\n\t\t\t\t<div class=\"elementor-widget-container\">\n\t\t\t\t\t\t\t<p class=\"p1\"><b>Nom :<\/b><span class=\"Apple-converted-space\"> Ramon<\/span><\/p><p class=\"p1\"><b>Sexe :<\/b><span class=\"Apple-converted-space\"> M\u00e2le<\/span><\/p><p class=\"p1\"><b>\u00a0<\/b><\/p><p class=\"p1\"><b>Date de naissance :<\/b>\u00a0<span class=\"Apple-converted-space\"> 20\/11\/1998\u00a0<\/span><\/p><p class=\"p1\"><b>Lieu de naissance :<\/b>\u00a0 \u00a0<span class=\"Apple-converted-space\">\u00a0<\/span><\/p><p class=\"p1\"><b>\u00a0<\/b><\/p><p class=\"p1\"><b>Esp\u00e8ce :<\/b><span class=\"Apple-converted-space\"> Born\u00e9o<\/span><\/p><p class=\"p1\"><b>P\u00e8re :\u00a0<\/b>\u00a0 \u00a0<\/p><p class=\"p1\"><b>M\u00e8re :<\/b>\u00a0 \u00a0<\/p><p class=\"p1\"><b>Enfant(s) :<\/b>\u00a0 \u00a0Nouveau-n\u00e9<\/p><p class=\"p1\"><b>Ancien parc : <\/b>Zoo de Blackpool\u00a0<\/p><p class=\"p1\"><b>Sp\u00e9cificit\u00e9s :<\/b>\u00a0 Il est tr\u00e8s populaire en raison de sa confiance et de sa joie dans l&rsquo;interaction humaine<\/p>\t\t\t\t\t\t<\/div>\n\t\t\t\t<\/div>\n\t\t\t\t\t<\/div>\n\t\t<\/div>\n\t\t\t\t\t\t\t<\/div>\n\t\t<\/section>\n\t\t\t\t<section class=\"elementor-section elementor-top-section elementor-element elementor-element-30a5883 elementor-section-boxed elementor-section-height-default elementor-section-height-default\" data-id=\"30a5883\" data-element_type=\"section\">\n\t\t\t\t\t\t<div class=\"elementor-container elementor-column-gap-default\">\n\t\t\t\t\t<div class=\"elementor-column elementor-col-33 elementor-top-column elementor-element elementor-element-5fda343\" data-id=\"5fda343\" data-element_type=\"column\">\n\t\t\t<div class=\"elementor-widget-wrap elementor-element-populated\">\n\t\t\t\t\t\t\t\t<div class=\"elementor-element elementor-element-4a33d84 elementor-widget elementor-widget-image\" data-id=\"4a33d84\" data-element_type=\"widget\" data-widget_type=\"image.default\">\n\t\t\t\t<div class=\"elementor-widget-container\">\n\t\t\t\t\t\t\t\t\t\t\t\t\t\t\t<img decoding=\"async\" width=\"850\" height=\"850\" src=\"https:\/\/orangutanlovers.org\/wp-content\/uploads\/2023\/05\/Nophoto.jpg\" class=\"attachment-large size-large wp-image-1192\" alt=\"\" loading=\"lazy\" srcset=\"https:\/\/orangutanlovers.org\/wp-content\/uploads\/2023\/05\/Nophoto.jpg 850w, https:\/\/orangutanlovers.org\/wp-content\/uploads\/2023\/05\/Nophoto-300x300.jpg 300w, https:\/\/orangutanlovers.org\/wp-content\/uploads\/2023\/05\/Nophoto-150x150.jpg 150w, https:\/\/orangutanlovers.org\/wp-content\/uploads\/2023\/05\/Nophoto-768x768.jpg 768w\" sizes=\"(max-width: 850px) 100vw, 850px\" \/>\t\t\t\t\t\t\t\t\t\t\t\t\t\t\t<\/div>\n\t\t\t\t<\/div>\n\t\t\t\t\t<\/div>\n\t\t<\/div>\n\t\t\t\t<div class=\"elementor-column elementor-col-66 elementor-top-column elementor-element elementor-element-ef4babf\" data-id=\"ef4babf\" data-element_type=\"column\">\n\t\t\t<div class=\"elementor-widget-wrap elementor-element-populated\">\n\t\t\t\t\t\t\t\t<div class=\"elementor-element elementor-element-c03084c elementor-widget elementor-widget-text-editor\" data-id=\"c03084c\" data-element_type=\"widget\" data-widget_type=\"text-editor.default\">\n\t\t\t\t<div class=\"elementor-widget-container\">\n\t\t\t\t\t\t\t<p class=\"p1\"><b>Nom :<\/b><span class=\"Apple-converted-space\"> Nouveau-n\u00e9<\/span><\/p><p class=\"p1\"><b>Sexe :<\/b><span class=\"Apple-converted-space\"> M\u00e2le<\/span><\/p><p class=\"p1\"><b>\u00a0<\/b><\/p><p class=\"p1\"><b>Date de naissance :<\/b>\u00a0<span class=\"Apple-converted-space\"> 5\/6\/2023<\/span><\/p><p class=\"p1\"><b>Lieu de naissance : <\/b>Allwetterzoo M\u00fcnster\u00a0<\/p><p class=\"p1\"><b>\u00a0<\/b><\/p><p class=\"p1\"><b>Esp\u00e8ce :<\/b><span class=\"Apple-converted-space\"> Born\u00e9o<\/span><\/p><p class=\"p1\"><b>P\u00e8re :\u00a0<\/b>\u00a0 \u00a0Ramon<\/p><p class=\"p1\"><b>M\u00e8re :<\/b>\u00a0 \u00a0Mandi<\/p><p class=\"p1\"><b>Enfant(s) :<\/b>\u00a0 \u00a0<\/p><p class=\"p1\"><b>Ancien parc :\u00a0<\/b><\/p><p class=\"p1\"><b>Sp\u00e9cificit\u00e9s :<\/b> \u00a0<\/p>\t\t\t\t\t\t<\/div>\n\t\t\t\t<\/div>\n\t\t\t\t\t<\/div>\n\t\t<\/div>\n\t\t\t\t\t\t\t<\/div>\n\t\t<\/section>\n\t\t\t\t<section class=\"elementor-section elementor-top-section elementor-element elementor-element-134b8a8 elementor-section-boxed elementor-section-height-default elementor-section-height-default\" data-id=\"134b8a8\" data-element_type=\"section\">\n\t\t\t\t\t\t<div class=\"elementor-container elementor-column-gap-default\">\n\t\t\t\t\t<div class=\"elementor-column elementor-col-100 elementor-top-column elementor-element elementor-element-6b84170\" data-id=\"6b84170\" data-element_type=\"column\">\n\t\t\t<div class=\"elementor-widget-wrap elementor-element-populated\">\n\t\t\t\t\t\t\t\t<div class=\"elementor-element elementor-element-1790a2d elementor-widget elementor-widget-text-editor\" data-id=\"1790a2d\" data-element_type=\"widget\" data-widget_type=\"text-editor.default\">\n\t\t\t\t<div class=\"elementor-widget-container\">\n\t\t\t\t\t\t\t<p><a href=\"https:\/\/www.allwetterzoo.de\/\">Site internet<\/a><\/p>\t\t\t\t\t\t<\/div>\n\t\t\t\t<\/div>\n\t\t\t\t\t<\/div>\n\t\t<\/div>\n\t\t\t\t\t\t\t<\/div>\n\t\t<\/section>\n\t\t\t\t\t\t\t<\/div>\n\t\t","protected":false},"excerpt":{"rendered":"<p>Allwetterzoo M\u00fcnster Nom : Niah Sexe :\u00a0 \u00a0 Date de naissance :\u00a0 8\/05\/2013 Lieu de naissance :\u00a0 \u00a0\u00a0 \u00a0 Esp\u00e8ce : Born\u00e9o P\u00e8re :\u00a0\u00a0 \u00a0 M\u00e8re :\u00a0 \u00a0 Enfant(s) :\u00a0 \u00a0 Ancien parc : Sp\u00e9cificit\u00e9s :\u00a0 \u00a0 Nom : Mandi Sexe : Femelle \u00a0 Date de naissance :\u00a0\u00a0 Lieu de naissance :\u00a0 \u00a0\u00a0 \u00a0 Esp\u00e8ce &hellip;<\/p>\n<p class=\"read-more\"> <a class=\"\" href=\"https:\/\/orangutanlovers.org\/?page_id=1828\"> <span class=\"screen-reader-text\">Allwetterzoo M\u00fcnster<\/span> Lire la suite\u00a0\u00bb<\/a><\/p>\n","protected":false},"author":1,"featured_media":0,"parent":0,"menu_order":0,"comment_status":"closed","ping_status":"closed","template":"","meta":{"site-sidebar-layout":"no-sidebar","site-content-layout":"page-builder","ast-global-header-display":"","ast-banner-title-visibility":"","ast-main-header-display":"","ast-hfb-above-header-display":"","ast-hfb-below-header-display":"","ast-hfb-mobile-header-display":"","site-post-title":"disabled","ast-breadcrumbs-content":"","ast-featured-img":"disabled","footer-sml-layout":"","theme-transparent-header-meta":"","adv-header-id-meta":"","stick-header-meta":"","header-above-stick-meta":"","header-main-stick-meta":"","header-below-stick-meta":""},"_links":{"self":[{"href":"https:\/\/orangutanlovers.org\/index.php?rest_route=\/wp\/v2\/pages\/1828"}],"collection":[{"href":"https:\/\/orangutanlovers.org\/index.php?rest_route=\/wp\/v2\/pages"}],"about":[{"href":"https:\/\/orangutanlovers.org\/index.php?rest_route=\/wp\/v2\/types\/page"}],"author":[{"embeddable":true,"href":"https:\/\/orangutanlovers.org\/index.php?rest_route=\/wp\/v2\/users\/1"}],"replies":[{"embeddable":true,"href":"https:\/\/orangutanlovers.org\/index.php?rest_route=%2Fwp%2Fv2%2Fcomments&post=1828"}],"version-history":[{"count":49,"href":"https:\/\/orangutanlovers.org\/index.php?rest_route=\/wp\/v2\/pages\/1828\/revisions"}],"predecessor-version":[{"id":2458,"href":"https:\/\/orangutanlovers.org\/index.php?rest_route=\/wp\/v2\/pages\/1828\/revisions\/2458"}],"wp:attachment":[{"href":"https:\/\/orangutanlovers.org\/index.php?rest_route=%2Fwp%2Fv2%2Fmedia&parent=1828"}],"curies":[{"name":"wp","href":"https:\/\/api.w.org\/{rel}","templated":true}]}}