{"id":1467,"date":"2023-05-20T14:32:04","date_gmt":"2023-05-20T14:32:04","guid":{"rendered":"http:\/\/orangutanlovers.org\/?page_id=1467"},"modified":"2023-06-03T21:08:48","modified_gmt":"2023-06-03T21:08:48","slug":"menagerie-de-paris","status":"publish","type":"page","link":"https:\/\/orangutanlovers.org\/?page_id=1467","title":{"rendered":"M\u00e9nagerie du jardin des plantes de Paris"},"content":{"rendered":"\t\t<div data-elementor-type=\"wp-page\" data-elementor-id=\"1467\" class=\"elementor elementor-1467\">\n\t\t\t\t\t\t\t\t\t<section class=\"elementor-section elementor-top-section elementor-element elementor-element-2c646dc elementor-section-height-min-height elementor-section-boxed elementor-section-height-default elementor-section-items-middle\" data-id=\"2c646dc\" data-element_type=\"section\" data-settings=\"{&quot;background_background&quot;:&quot;classic&quot;}\">\n\t\t\t\t\t\t\t<div class=\"elementor-background-overlay\"><\/div>\n\t\t\t\t\t\t\t<div class=\"elementor-container elementor-column-gap-no\">\n\t\t\t\t\t<div class=\"elementor-column elementor-col-100 elementor-top-column elementor-element elementor-element-23554ab\" data-id=\"23554ab\" data-element_type=\"column\">\n\t\t\t<div class=\"elementor-widget-wrap elementor-element-populated\">\n\t\t\t\t\t\t\t\t<div class=\"elementor-element elementor-element-4935368 elementor-widget elementor-widget-heading\" data-id=\"4935368\" data-element_type=\"widget\" data-widget_type=\"heading.default\">\n\t\t\t\t<div class=\"elementor-widget-container\">\n\t\t\t<style>\/*! elementor - v3.13.3 - 28-05-2023 *\/\n.elementor-heading-title{padding:0;margin:0;line-height:1}.elementor-widget-heading .elementor-heading-title[class*=elementor-size-]>a{color:inherit;font-size:inherit;line-height:inherit}.elementor-widget-heading .elementor-heading-title.elementor-size-small{font-size:15px}.elementor-widget-heading .elementor-heading-title.elementor-size-medium{font-size:19px}.elementor-widget-heading .elementor-heading-title.elementor-size-large{font-size:29px}.elementor-widget-heading .elementor-heading-title.elementor-size-xl{font-size:39px}.elementor-widget-heading .elementor-heading-title.elementor-size-xxl{font-size:59px}<\/style><h1 class=\"elementor-heading-title elementor-size-default\">M\u00e9nagerie du jardin des plantes de Paris<\/h1>\t\t<\/div>\n\t\t\t\t<\/div>\n\t\t\t\t\t<\/div>\n\t\t<\/div>\n\t\t\t\t\t\t\t<\/div>\n\t\t<\/section>\n\t\t\t\t<section class=\"elementor-section elementor-top-section elementor-element elementor-element-47b2c6f elementor-section-boxed elementor-section-height-default elementor-section-height-default\" data-id=\"47b2c6f\" data-element_type=\"section\">\n\t\t\t\t\t\t<div class=\"elementor-container elementor-column-gap-default\">\n\t\t\t\t\t<div class=\"elementor-column elementor-col-33 elementor-top-column elementor-element elementor-element-481c2f7\" data-id=\"481c2f7\" data-element_type=\"column\">\n\t\t\t<div class=\"elementor-widget-wrap elementor-element-populated\">\n\t\t\t\t\t\t\t\t<div class=\"elementor-element elementor-element-e8c3214 elementor-widget elementor-widget-image\" data-id=\"e8c3214\" data-element_type=\"widget\" data-widget_type=\"image.default\">\n\t\t\t\t<div class=\"elementor-widget-container\">\n\t\t\t<style>\/*! elementor - v3.13.3 - 28-05-2023 *\/\n.elementor-widget-image{text-align:center}.elementor-widget-image a{display:inline-block}.elementor-widget-image a img[src$=\".svg\"]{width:48px}.elementor-widget-image img{vertical-align:middle;display:inline-block}<\/style>\t\t\t\t\t\t\t\t\t\t\t\t<img decoding=\"async\" width=\"850\" height=\"850\" src=\"https:\/\/orangutanlovers.org\/wp-content\/uploads\/2023\/05\/Banggi.jpg\" class=\"attachment-large size-large wp-image-1746\" alt=\"\" loading=\"lazy\" srcset=\"https:\/\/orangutanlovers.org\/wp-content\/uploads\/2023\/05\/Banggi.jpg 850w, https:\/\/orangutanlovers.org\/wp-content\/uploads\/2023\/05\/Banggi-300x300.jpg 300w, https:\/\/orangutanlovers.org\/wp-content\/uploads\/2023\/05\/Banggi-150x150.jpg 150w, https:\/\/orangutanlovers.org\/wp-content\/uploads\/2023\/05\/Banggi-768x768.jpg 768w\" sizes=\"(max-width: 850px) 100vw, 850px\" \/>\t\t\t\t\t\t\t\t\t\t\t\t\t\t\t<\/div>\n\t\t\t\t<\/div>\n\t\t\t\t<div class=\"elementor-element elementor-element-e2f2fa5 elementor-widget elementor-widget-text-editor\" data-id=\"e2f2fa5\" data-element_type=\"widget\" data-widget_type=\"text-editor.default\">\n\t\t\t\t<div class=\"elementor-widget-container\">\n\t\t\t<style>\/*! elementor - v3.13.3 - 28-05-2023 *\/\n.elementor-widget-text-editor.elementor-drop-cap-view-stacked .elementor-drop-cap{background-color:#69727d;color:#fff}.elementor-widget-text-editor.elementor-drop-cap-view-framed .elementor-drop-cap{color:#69727d;border:3px solid;background-color:transparent}.elementor-widget-text-editor:not(.elementor-drop-cap-view-default) .elementor-drop-cap{margin-top:8px}.elementor-widget-text-editor:not(.elementor-drop-cap-view-default) .elementor-drop-cap-letter{width:1em;height:1em}.elementor-widget-text-editor .elementor-drop-cap{float:left;text-align:center;line-height:1;font-size:50px}.elementor-widget-text-editor .elementor-drop-cap-letter{display:inline-block}<\/style>\t\t\t\t<p>cr\u00e9dit photo : Florence Demaretz<\/p>\t\t\t\t\t\t<\/div>\n\t\t\t\t<\/div>\n\t\t\t\t\t<\/div>\n\t\t<\/div>\n\t\t\t\t<div class=\"elementor-column elementor-col-66 elementor-top-column elementor-element elementor-element-b67b29c\" data-id=\"b67b29c\" data-element_type=\"column\">\n\t\t\t<div class=\"elementor-widget-wrap elementor-element-populated\">\n\t\t\t\t\t\t\t\t<div class=\"elementor-element elementor-element-2d5cad1 elementor-widget elementor-widget-text-editor\" data-id=\"2d5cad1\" data-element_type=\"widget\" data-widget_type=\"text-editor.default\">\n\t\t\t\t<div class=\"elementor-widget-container\">\n\t\t\t\t\t\t\t<p class=\"p1\"><b>Nom :<\/b><span class=\"Apple-converted-space\"> Banggi<\/span><\/p><p class=\"p1\"><b>Sexe :<\/b><span class=\"Apple-converted-space\"> M\u00e2le<\/span><\/p><p class=\"p1\"><b>\u00a0<\/b><\/p><p class=\"p1\"><b>Date de naissance :<\/b>\u00a0<span class=\"Apple-converted-space\"> 7\/12\/2006<\/span><\/p><p class=\"p1\"><b>Lieu de naissance :<\/b>\u00a0 \u00a0<span class=\"Apple-converted-space\"> Zoo de Fuengirola<\/span><\/p><p class=\"p1\"><b>\u00a0<\/b><\/p><p class=\"p1\"><b>Esp\u00e8ce :<\/b><span class=\"Apple-converted-space\"> Born\u00e9o<\/span><\/p><p class=\"p1\"><b>P\u00e8re :\u00a0<\/b>\u00a0 \u00a0Nakal<\/p><p class=\"p1\"><b>M\u00e8re :<\/b>\u00a0 \u00a0Mukah<\/p><p class=\"p1\"><b>Enfant(s) :<\/b>\u00a0 \u00a0Java<\/p><p class=\"p1\"><b>\u00a0Anciens parc: <\/b><span class=\"Apple-converted-space\">Zoo de Fuengirola, Elche Safari<\/span><\/p><p class=\"p1\"><b>Sp\u00e9cificit\u00e9s :<\/b>\u00a0 \u00a0<\/p>\t\t\t\t\t\t<\/div>\n\t\t\t\t<\/div>\n\t\t\t\t\t<\/div>\n\t\t<\/div>\n\t\t\t\t\t\t\t<\/div>\n\t\t<\/section>\n\t\t\t\t<section class=\"elementor-section elementor-top-section elementor-element elementor-element-5513371 elementor-section-boxed elementor-section-height-default elementor-section-height-default\" data-id=\"5513371\" data-element_type=\"section\">\n\t\t\t\t\t\t<div class=\"elementor-container elementor-column-gap-default\">\n\t\t\t\t\t<div class=\"elementor-column elementor-col-33 elementor-top-column elementor-element elementor-element-5ab088c\" data-id=\"5ab088c\" data-element_type=\"column\">\n\t\t\t<div class=\"elementor-widget-wrap elementor-element-populated\">\n\t\t\t\t\t\t\t\t<div class=\"elementor-element elementor-element-8a2a59e elementor-widget elementor-widget-image\" data-id=\"8a2a59e\" data-element_type=\"widget\" data-widget_type=\"image.default\">\n\t\t\t\t<div class=\"elementor-widget-container\">\n\t\t\t\t\t\t\t\t\t\t\t\t\t\t\t<img decoding=\"async\" width=\"850\" height=\"850\" src=\"https:\/\/orangutanlovers.org\/wp-content\/uploads\/2023\/05\/Nenette.jpg\" class=\"attachment-large size-large wp-image-1747\" alt=\"\" loading=\"lazy\" srcset=\"https:\/\/orangutanlovers.org\/wp-content\/uploads\/2023\/05\/Nenette.jpg 850w, https:\/\/orangutanlovers.org\/wp-content\/uploads\/2023\/05\/Nenette-300x300.jpg 300w, https:\/\/orangutanlovers.org\/wp-content\/uploads\/2023\/05\/Nenette-150x150.jpg 150w, https:\/\/orangutanlovers.org\/wp-content\/uploads\/2023\/05\/Nenette-768x768.jpg 768w\" sizes=\"(max-width: 850px) 100vw, 850px\" \/>\t\t\t\t\t\t\t\t\t\t\t\t\t\t\t<\/div>\n\t\t\t\t<\/div>\n\t\t\t\t<div class=\"elementor-element elementor-element-adad05e elementor-widget elementor-widget-text-editor\" data-id=\"adad05e\" data-element_type=\"widget\" data-widget_type=\"text-editor.default\">\n\t\t\t\t<div class=\"elementor-widget-container\">\n\t\t\t\t\t\t\t<p>cr\u00e9dit photo : Florence Demaretz<\/p>\t\t\t\t\t\t<\/div>\n\t\t\t\t<\/div>\n\t\t\t\t\t<\/div>\n\t\t<\/div>\n\t\t\t\t<div class=\"elementor-column elementor-col-66 elementor-top-column elementor-element elementor-element-89fe7fb\" data-id=\"89fe7fb\" data-element_type=\"column\">\n\t\t\t<div class=\"elementor-widget-wrap elementor-element-populated\">\n\t\t\t\t\t\t\t\t<div class=\"elementor-element elementor-element-6e5e08a elementor-widget elementor-widget-text-editor\" data-id=\"6e5e08a\" data-element_type=\"widget\" data-widget_type=\"text-editor.default\">\n\t\t\t\t<div class=\"elementor-widget-container\">\n\t\t\t\t\t\t\t<p class=\"p1\"><b>Nom :<\/b><span class=\"Apple-converted-space\"> Nenette<\/span><\/p><p class=\"p1\"><b>Sexe :<\/b><span class=\"Apple-converted-space\"> Femelle<\/span><\/p><p class=\"p1\"><b>\u00a0<\/b><\/p><p class=\"p1\"><b>Date de naissance :<\/b>\u00a0<span class=\"Apple-converted-space\"> 1969<\/span><\/p><p class=\"p1\"><b>Lieu de naissance :<\/b>\u00a0 \u00a0<span class=\"Apple-converted-space\"> Born\u00e9o<\/span><\/p><p class=\"p1\"><b>\u00a0<\/b><\/p><p class=\"p1\"><b>Esp\u00e8ce :<\/b><span class=\"Apple-converted-space\"> Born\u00e9o<\/span><\/p><p class=\"p1\"><b>P\u00e8re :\u00a0<\/b>\u00a0 \u00a0Inconnu<\/p><p class=\"p1\"><b>M\u00e8re :<\/b>\u00a0 \u00a0Inconnu<\/p><p class=\"p1\"><b>Enfant(s) :<\/b>\u00a0 \u00a0Doudon\/Doudou \u2020, Mawa \u2020, Tubo \u2020, Dayu \u2020<\/p><p class=\"p1\"><b>\u00a0<\/b><\/p><p class=\"p1\"><b>Sp\u00e9cificit\u00e9s :<\/b>\u00a0 \u00a0<\/p>\t\t\t\t\t\t<\/div>\n\t\t\t\t<\/div>\n\t\t\t\t\t<\/div>\n\t\t<\/div>\n\t\t\t\t\t\t\t<\/div>\n\t\t<\/section>\n\t\t\t\t<section class=\"elementor-section elementor-top-section elementor-element elementor-element-2daf2c1 elementor-section-boxed elementor-section-height-default elementor-section-height-default\" data-id=\"2daf2c1\" data-element_type=\"section\">\n\t\t\t\t\t\t<div class=\"elementor-container elementor-column-gap-default\">\n\t\t\t\t\t<div class=\"elementor-column elementor-col-33 elementor-top-column elementor-element elementor-element-58cd19b\" data-id=\"58cd19b\" data-element_type=\"column\">\n\t\t\t<div class=\"elementor-widget-wrap elementor-element-populated\">\n\t\t\t\t\t\t\t\t<div class=\"elementor-element elementor-element-cc30792 elementor-widget elementor-widget-image\" data-id=\"cc30792\" data-element_type=\"widget\" data-widget_type=\"image.default\">\n\t\t\t\t<div class=\"elementor-widget-container\">\n\t\t\t\t\t\t\t\t\t\t\t\t\t\t\t<img decoding=\"async\" width=\"850\" height=\"850\" src=\"https:\/\/orangutanlovers.org\/wp-content\/uploads\/2023\/05\/Theodora.jpg\" class=\"attachment-large size-large wp-image-1748\" alt=\"\" loading=\"lazy\" srcset=\"https:\/\/orangutanlovers.org\/wp-content\/uploads\/2023\/05\/Theodora.jpg 850w, https:\/\/orangutanlovers.org\/wp-content\/uploads\/2023\/05\/Theodora-300x300.jpg 300w, https:\/\/orangutanlovers.org\/wp-content\/uploads\/2023\/05\/Theodora-150x150.jpg 150w, https:\/\/orangutanlovers.org\/wp-content\/uploads\/2023\/05\/Theodora-768x768.jpg 768w\" sizes=\"(max-width: 850px) 100vw, 850px\" \/>\t\t\t\t\t\t\t\t\t\t\t\t\t\t\t<\/div>\n\t\t\t\t<\/div>\n\t\t\t\t<div class=\"elementor-element elementor-element-2449adc elementor-widget elementor-widget-text-editor\" data-id=\"2449adc\" data-element_type=\"widget\" data-widget_type=\"text-editor.default\">\n\t\t\t\t<div class=\"elementor-widget-container\">\n\t\t\t\t\t\t\t<p>cr\u00e9dit photo : Florence Demaretz<\/p>\t\t\t\t\t\t<\/div>\n\t\t\t\t<\/div>\n\t\t\t\t\t<\/div>\n\t\t<\/div>\n\t\t\t\t<div class=\"elementor-column elementor-col-66 elementor-top-column elementor-element elementor-element-c5e3a4b\" data-id=\"c5e3a4b\" data-element_type=\"column\">\n\t\t\t<div class=\"elementor-widget-wrap elementor-element-populated\">\n\t\t\t\t\t\t\t\t<div class=\"elementor-element elementor-element-cb17b1e elementor-widget elementor-widget-text-editor\" data-id=\"cb17b1e\" data-element_type=\"widget\" data-widget_type=\"text-editor.default\">\n\t\t\t\t<div class=\"elementor-widget-container\">\n\t\t\t\t\t\t\t<p class=\"p1\"><b>Nom :<\/b><span class=\"Apple-converted-space\"> Th\u00e9odora<\/span><\/p><p class=\"p1\"><b>Sexe :<\/b><span class=\"Apple-converted-space\"> Femelle<\/span><\/p><p class=\"p1\"><b>\u00a0<\/b><\/p><p class=\"p1\"><b>Date de naissance :<\/b>\u00a0<span class=\"Apple-converted-space\"> 5\/05\/1988<\/span><\/p><p class=\"p1\"><b>Lieu de naissance :<\/b>\u00a0 \u00a0<span class=\"Apple-converted-space\"> zoo de Jersey<\/span><\/p><p class=\"p1\"><b>\u00a0<\/b><\/p><p class=\"p1\"><b>Esp\u00e8ce :<\/b><span class=\"Apple-converted-space\"> Born\u00e9o<\/span><\/p><p class=\"p1\"><b>P\u00e8re :\u00a0<\/b>\u00a0 Gilles \u2020<\/p><p class=\"p1\"><b>M\u00e8re :<\/b> Kibriah<\/p><p class=\"p1\"><b>Enfant(s) :<\/b>\u00a0 Satu, Tim\u00fc, Java<\/p><p class=\"p1\"><b>\u00a0Anciens parc : <\/b>Zoo de Jersey, zoo Twycross<\/p><p class=\"p1\"><b>Sp\u00e9cificit\u00e9s :<\/b>\u00a0 \u00a0<\/p>\t\t\t\t\t\t<\/div>\n\t\t\t\t<\/div>\n\t\t\t\t\t<\/div>\n\t\t<\/div>\n\t\t\t\t\t\t\t<\/div>\n\t\t<\/section>\n\t\t\t\t<section class=\"elementor-section elementor-top-section elementor-element elementor-element-591d2d1 elementor-section-boxed elementor-section-height-default elementor-section-height-default\" data-id=\"591d2d1\" data-element_type=\"section\">\n\t\t\t\t\t\t<div class=\"elementor-container elementor-column-gap-default\">\n\t\t\t\t\t<div class=\"elementor-column elementor-col-33 elementor-top-column elementor-element elementor-element-3b588ae\" data-id=\"3b588ae\" data-element_type=\"column\">\n\t\t\t<div class=\"elementor-widget-wrap elementor-element-populated\">\n\t\t\t\t\t\t\t\t<div class=\"elementor-element elementor-element-911bff9 elementor-widget elementor-widget-image\" data-id=\"911bff9\" data-element_type=\"widget\" data-widget_type=\"image.default\">\n\t\t\t\t<div class=\"elementor-widget-container\">\n\t\t\t\t\t\t\t\t\t\t\t\t\t\t\t<img decoding=\"async\" width=\"850\" height=\"850\" src=\"https:\/\/orangutanlovers.org\/wp-content\/uploads\/2023\/05\/Java.jpg\" class=\"attachment-large size-large wp-image-1750\" alt=\"\" loading=\"lazy\" \/>\t\t\t\t\t\t\t\t\t\t\t\t\t\t\t<\/div>\n\t\t\t\t<\/div>\n\t\t\t\t<div class=\"elementor-element elementor-element-f23267c elementor-widget elementor-widget-text-editor\" data-id=\"f23267c\" data-element_type=\"widget\" data-widget_type=\"text-editor.default\">\n\t\t\t\t<div class=\"elementor-widget-container\">\n\t\t\t\t\t\t\t<p>cr\u00e9dit photo : Florence Demaretz<\/p>\t\t\t\t\t\t<\/div>\n\t\t\t\t<\/div>\n\t\t\t\t\t<\/div>\n\t\t<\/div>\n\t\t\t\t<div class=\"elementor-column elementor-col-66 elementor-top-column elementor-element elementor-element-22149d1\" data-id=\"22149d1\" data-element_type=\"column\">\n\t\t\t<div class=\"elementor-widget-wrap elementor-element-populated\">\n\t\t\t\t\t\t\t\t<div class=\"elementor-element elementor-element-691ad58 elementor-widget elementor-widget-text-editor\" data-id=\"691ad58\" data-element_type=\"widget\" data-widget_type=\"text-editor.default\">\n\t\t\t\t<div class=\"elementor-widget-container\">\n\t\t\t\t\t\t\t<p class=\"p1\"><b>Nom :<\/b><span class=\"Apple-converted-space\"> Java<\/span><\/p><p class=\"p1\"><b>Sexe :<\/b><span class=\"Apple-converted-space\"> Femelle<\/span><\/p><p class=\"p1\"><b>\u00a0<\/b><\/p><p class=\"p1\"><b>Date de naissance :<\/b>\u00a0<span class=\"Apple-converted-space\"> 17\/10\/2018<\/span><\/p><p class=\"p1\"><b>Lieu de naissance :<\/b>\u00a0 \u00a0<span class=\"Apple-converted-space\"> La m\u00e9nagerie des plantes de Paris<\/span><\/p><p class=\"p1\"><b>\u00a0<\/b><\/p><p class=\"p1\"><b>Esp\u00e8ce :<\/b><span class=\"Apple-converted-space\"> Born\u00e9o<\/span><\/p><p class=\"p1\"><b>P\u00e8re :\u00a0<\/b>\u00a0 \u00a0Banggi<\/p><p class=\"p1\"><b>M\u00e8re :<\/b>\u00a0 \u00a0Th\u00e9odora<\/p><p class=\"p1\"><b>Enfant(s) :<\/b>\u00a0 \u00a0<\/p><p class=\"p1\"><b>\u00a0<\/b><\/p><p class=\"p1\"><b>Sp\u00e9cificit\u00e9s :<\/b>\u00a0 \u00a0<\/p>\t\t\t\t\t\t<\/div>\n\t\t\t\t<\/div>\n\t\t\t\t\t<\/div>\n\t\t<\/div>\n\t\t\t\t\t\t\t<\/div>\n\t\t<\/section>\n\t\t\t\t<section class=\"elementor-section elementor-top-section elementor-element elementor-element-f676257 elementor-section-boxed elementor-section-height-default elementor-section-height-default\" data-id=\"f676257\" data-element_type=\"section\">\n\t\t\t\t\t\t<div class=\"elementor-container elementor-column-gap-default\">\n\t\t\t\t\t<div class=\"elementor-column elementor-col-33 elementor-top-column elementor-element elementor-element-4d75d21\" data-id=\"4d75d21\" data-element_type=\"column\">\n\t\t\t<div class=\"elementor-widget-wrap elementor-element-populated\">\n\t\t\t\t\t\t\t\t<div class=\"elementor-element elementor-element-6cd705e elementor-widget elementor-widget-image\" data-id=\"6cd705e\" data-element_type=\"widget\" data-widget_type=\"image.default\">\n\t\t\t\t<div class=\"elementor-widget-container\">\n\t\t\t\t\t\t\t\t\t\t\t\t\t\t\t<img decoding=\"async\" width=\"850\" height=\"850\" src=\"https:\/\/orangutanlovers.org\/wp-content\/uploads\/2023\/05\/Tamu.jpg\" class=\"attachment-large size-large wp-image-1751\" alt=\"\" loading=\"lazy\" srcset=\"https:\/\/orangutanlovers.org\/wp-content\/uploads\/2023\/05\/Tamu.jpg 850w, https:\/\/orangutanlovers.org\/wp-content\/uploads\/2023\/05\/Tamu-300x300.jpg 300w, https:\/\/orangutanlovers.org\/wp-content\/uploads\/2023\/05\/Tamu-150x150.jpg 150w, https:\/\/orangutanlovers.org\/wp-content\/uploads\/2023\/05\/Tamu-768x768.jpg 768w\" sizes=\"(max-width: 850px) 100vw, 850px\" \/>\t\t\t\t\t\t\t\t\t\t\t\t\t\t\t<\/div>\n\t\t\t\t<\/div>\n\t\t\t\t<div class=\"elementor-element elementor-element-8723329 elementor-widget elementor-widget-text-editor\" data-id=\"8723329\" data-element_type=\"widget\" data-widget_type=\"text-editor.default\">\n\t\t\t\t<div class=\"elementor-widget-container\">\n\t\t\t\t\t\t\t<p>cr\u00e9dit photo : Florence Demaretz<\/p>\t\t\t\t\t\t<\/div>\n\t\t\t\t<\/div>\n\t\t\t\t\t<\/div>\n\t\t<\/div>\n\t\t\t\t<div class=\"elementor-column elementor-col-66 elementor-top-column elementor-element elementor-element-e65472b\" data-id=\"e65472b\" data-element_type=\"column\">\n\t\t\t<div class=\"elementor-widget-wrap elementor-element-populated\">\n\t\t\t\t\t\t\t\t<div class=\"elementor-element elementor-element-4de78df elementor-widget elementor-widget-text-editor\" data-id=\"4de78df\" data-element_type=\"widget\" data-widget_type=\"text-editor.default\">\n\t\t\t\t<div class=\"elementor-widget-container\">\n\t\t\t\t\t\t\t<p class=\"p1\"><b>Nom :<\/b><span class=\"Apple-converted-space\"> Tam\u00fc<\/span><\/p><p class=\"p1\"><b>Sexe :<\/b><span class=\"Apple-converted-space\"> Femelle<\/span><\/p><p class=\"p1\"><b>\u00a0<\/b><\/p><p class=\"p1\"><b>Date de naissance :<\/b>\u00a0<span class=\"Apple-converted-space\"> 29\/11\/2004<\/span><\/p><p class=\"p1\"><b>Lieu de naissance :<\/b>\u00a0 \u00a0<span class=\"Apple-converted-space\"> zoo Twycross<\/span><\/p><p class=\"p1\"><b>\u00a0<\/b><\/p><p class=\"p1\"><b>Esp\u00e8ce :<\/b><span class=\"Apple-converted-space\"> Born\u00e9o<\/span><\/p><p class=\"p1\"><b>P\u00e8re :\u00a0<\/b>\u00a0 \u00a0Batu<\/p><p class=\"p1\"><b>M\u00e8re :<\/b>\u00a0 \u00a0Th\u00e9odora<\/p><p class=\"p1\"><b>Enfant(s) :<\/b>\u00a0 \u00a0<\/p><p class=\"p1\"><b>\u00a0Anciens\u00a0 parc: <\/b>zoo Twycross<\/p><p class=\"p1\"><b>Sp\u00e9cificit\u00e9s :<\/b>\u00a0 \u00a0<\/p>\t\t\t\t\t\t<\/div>\n\t\t\t\t<\/div>\n\t\t\t\t\t<\/div>\n\t\t<\/div>\n\t\t\t\t\t\t\t<\/div>\n\t\t<\/section>\n\t\t\t\t<section class=\"elementor-section elementor-top-section elementor-element elementor-element-d14fd32 elementor-section-boxed elementor-section-height-default elementor-section-height-default\" data-id=\"d14fd32\" data-element_type=\"section\">\n\t\t\t\t\t\t<div class=\"elementor-container elementor-column-gap-default\">\n\t\t\t\t\t<div class=\"elementor-column elementor-col-100 elementor-top-column elementor-element elementor-element-90bedbf\" data-id=\"90bedbf\" data-element_type=\"column\">\n\t\t\t<div class=\"elementor-widget-wrap elementor-element-populated\">\n\t\t\t\t\t\t\t\t<div class=\"elementor-element elementor-element-aba464e elementor-widget elementor-widget-text-editor\" data-id=\"aba464e\" data-element_type=\"widget\" data-widget_type=\"text-editor.default\">\n\t\t\t\t<div class=\"elementor-widget-container\">\n\t\t\t\t\t\t\t<p><a href=\"https:\/\/www.jardindesplantesdeparis.fr\/fr\">Site internet<\/a><\/p>\t\t\t\t\t\t<\/div>\n\t\t\t\t<\/div>\n\t\t\t\t\t<\/div>\n\t\t<\/div>\n\t\t\t\t\t\t\t<\/div>\n\t\t<\/section>\n\t\t\t\t\t\t\t<\/div>\n\t\t","protected":false},"excerpt":{"rendered":"<p>M\u00e9nagerie du jardin des plantes de Paris cr\u00e9dit photo : Florence Demaretz Nom : Banggi Sexe : M\u00e2le \u00a0 Date de naissance :\u00a0 7\/12\/2006 Lieu de naissance :\u00a0 \u00a0 Zoo de Fuengirola \u00a0 Esp\u00e8ce : Born\u00e9o P\u00e8re :\u00a0\u00a0 \u00a0Nakal M\u00e8re :\u00a0 \u00a0Mukah Enfant(s) :\u00a0 \u00a0Java \u00a0Anciens parc: Zoo de Fuengirola, Elche Safari Sp\u00e9cificit\u00e9s :\u00a0 \u00a0 &hellip;<\/p>\n<p class=\"read-more\"> <a class=\"\" href=\"https:\/\/orangutanlovers.org\/?page_id=1467\"> <span class=\"screen-reader-text\">M\u00e9nagerie du jardin des plantes de Paris<\/span> Lire la suite\u00a0\u00bb<\/a><\/p>\n","protected":false},"author":1,"featured_media":0,"parent":0,"menu_order":0,"comment_status":"closed","ping_status":"closed","template":"","meta":{"site-sidebar-layout":"no-sidebar","site-content-layout":"page-builder","ast-global-header-display":"","ast-banner-title-visibility":"","ast-main-header-display":"","ast-hfb-above-header-display":"","ast-hfb-below-header-display":"","ast-hfb-mobile-header-display":"","site-post-title":"disabled","ast-breadcrumbs-content":"","ast-featured-img":"disabled","footer-sml-layout":"","theme-transparent-header-meta":"","adv-header-id-meta":"","stick-header-meta":"","header-above-stick-meta":"","header-main-stick-meta":"","header-below-stick-meta":""},"_links":{"self":[{"href":"https:\/\/orangutanlovers.org\/index.php?rest_route=\/wp\/v2\/pages\/1467"}],"collection":[{"href":"https:\/\/orangutanlovers.org\/index.php?rest_route=\/wp\/v2\/pages"}],"about":[{"href":"https:\/\/orangutanlovers.org\/index.php?rest_route=\/wp\/v2\/types\/page"}],"author":[{"embeddable":true,"href":"https:\/\/orangutanlovers.org\/index.php?rest_route=\/wp\/v2\/users\/1"}],"replies":[{"embeddable":true,"href":"https:\/\/orangutanlovers.org\/index.php?rest_route=%2Fwp%2Fv2%2Fcomments&post=1467"}],"version-history":[{"count":38,"href":"https:\/\/orangutanlovers.org\/index.php?rest_route=\/wp\/v2\/pages\/1467\/revisions"}],"predecessor-version":[{"id":2232,"href":"https:\/\/orangutanlovers.org\/index.php?rest_route=\/wp\/v2\/pages\/1467\/revisions\/2232"}],"wp:attachment":[{"href":"https:\/\/orangutanlovers.org\/index.php?rest_route=%2Fwp%2Fv2%2Fmedia&parent=1467"}],"curies":[{"name":"wp","href":"https:\/\/api.w.org\/{rel}","templated":true}]}}