{"id":1148,"date":"2023-05-19T16:02:19","date_gmt":"2023-05-19T16:02:19","guid":{"rendered":"https:\/\/orangutanlovers.org\/?page_id=1148"},"modified":"2023-06-08T07:29:57","modified_gmt":"2023-06-08T07:29:57","slug":"plankendael","status":"publish","type":"page","link":"https:\/\/orangutanlovers.org\/?page_id=1148","title":{"rendered":"Plankendael"},"content":{"rendered":"\t\t<div data-elementor-type=\"wp-page\" data-elementor-id=\"1148\" class=\"elementor elementor-1148\">\n\t\t\t\t\t\t\t\t\t<section class=\"elementor-section elementor-top-section elementor-element elementor-element-d20ff42 elementor-section-height-min-height elementor-section-boxed elementor-section-height-default elementor-section-items-middle\" data-id=\"d20ff42\" data-element_type=\"section\" data-settings=\"{&quot;background_background&quot;:&quot;classic&quot;}\">\n\t\t\t\t\t\t\t<div class=\"elementor-background-overlay\"><\/div>\n\t\t\t\t\t\t\t<div class=\"elementor-container elementor-column-gap-no\">\n\t\t\t\t\t<div class=\"elementor-column elementor-col-100 elementor-top-column elementor-element elementor-element-221039a\" data-id=\"221039a\" data-element_type=\"column\">\n\t\t\t<div class=\"elementor-widget-wrap elementor-element-populated\">\n\t\t\t\t\t\t\t\t<div class=\"elementor-element elementor-element-e911f83 elementor-widget elementor-widget-heading\" data-id=\"e911f83\" data-element_type=\"widget\" data-widget_type=\"heading.default\">\n\t\t\t\t<div class=\"elementor-widget-container\">\n\t\t\t<style>\/*! elementor - v3.13.3 - 28-05-2023 *\/\n.elementor-heading-title{padding:0;margin:0;line-height:1}.elementor-widget-heading .elementor-heading-title[class*=elementor-size-]>a{color:inherit;font-size:inherit;line-height:inherit}.elementor-widget-heading .elementor-heading-title.elementor-size-small{font-size:15px}.elementor-widget-heading .elementor-heading-title.elementor-size-medium{font-size:19px}.elementor-widget-heading .elementor-heading-title.elementor-size-large{font-size:29px}.elementor-widget-heading .elementor-heading-title.elementor-size-xl{font-size:39px}.elementor-widget-heading .elementor-heading-title.elementor-size-xxl{font-size:59px}<\/style><h1 class=\"elementor-heading-title elementor-size-default\">Plankendael<\/h1>\t\t<\/div>\n\t\t\t\t<\/div>\n\t\t\t\t\t<\/div>\n\t\t<\/div>\n\t\t\t\t\t\t\t<\/div>\n\t\t<\/section>\n\t\t\t\t<section class=\"elementor-section elementor-top-section elementor-element elementor-element-75d0c77 elementor-section-boxed elementor-section-height-default elementor-section-height-default\" data-id=\"75d0c77\" data-element_type=\"section\">\n\t\t\t\t\t\t<div class=\"elementor-container elementor-column-gap-default\">\n\t\t\t\t\t<div class=\"elementor-column elementor-col-33 elementor-top-column elementor-element elementor-element-0d622e3\" data-id=\"0d622e3\" data-element_type=\"column\">\n\t\t\t<div class=\"elementor-widget-wrap elementor-element-populated\">\n\t\t\t\t\t\t\t\t<div class=\"elementor-element elementor-element-2d69e7f elementor-widget elementor-widget-image\" data-id=\"2d69e7f\" data-element_type=\"widget\" data-widget_type=\"image.default\">\n\t\t\t\t<div class=\"elementor-widget-container\">\n\t\t\t<style>\/*! elementor - v3.13.3 - 28-05-2023 *\/\n.elementor-widget-image{text-align:center}.elementor-widget-image a{display:inline-block}.elementor-widget-image a img[src$=\".svg\"]{width:48px}.elementor-widget-image img{vertical-align:middle;display:inline-block}<\/style>\t\t\t\t\t\t\t\t\t\t\t\t<img decoding=\"async\" width=\"850\" height=\"850\" src=\"https:\/\/orangutanlovers.org\/wp-content\/uploads\/2023\/05\/Bagus.jpg\" class=\"attachment-large size-large wp-image-1186\" alt=\"\" loading=\"lazy\" srcset=\"https:\/\/orangutanlovers.org\/wp-content\/uploads\/2023\/05\/Bagus.jpg 850w, https:\/\/orangutanlovers.org\/wp-content\/uploads\/2023\/05\/Bagus-300x300.jpg 300w, https:\/\/orangutanlovers.org\/wp-content\/uploads\/2023\/05\/Bagus-150x150.jpg 150w, https:\/\/orangutanlovers.org\/wp-content\/uploads\/2023\/05\/Bagus-768x768.jpg 768w\" sizes=\"(max-width: 850px) 100vw, 850px\" \/>\t\t\t\t\t\t\t\t\t\t\t\t\t\t\t<\/div>\n\t\t\t\t<\/div>\n\t\t\t\t<div class=\"elementor-element elementor-element-d4fe2d5 elementor-widget elementor-widget-text-editor\" data-id=\"d4fe2d5\" data-element_type=\"widget\" data-widget_type=\"text-editor.default\">\n\t\t\t\t<div class=\"elementor-widget-container\">\n\t\t\t<style>\/*! elementor - v3.13.3 - 28-05-2023 *\/\n.elementor-widget-text-editor.elementor-drop-cap-view-stacked .elementor-drop-cap{background-color:#69727d;color:#fff}.elementor-widget-text-editor.elementor-drop-cap-view-framed .elementor-drop-cap{color:#69727d;border:3px solid;background-color:transparent}.elementor-widget-text-editor:not(.elementor-drop-cap-view-default) .elementor-drop-cap{margin-top:8px}.elementor-widget-text-editor:not(.elementor-drop-cap-view-default) .elementor-drop-cap-letter{width:1em;height:1em}.elementor-widget-text-editor .elementor-drop-cap{float:left;text-align:center;line-height:1;font-size:50px}.elementor-widget-text-editor .elementor-drop-cap-letter{display:inline-block}<\/style>\t\t\t\t<p>cr\u00e9dit photo : Photo personnelle<\/p>\t\t\t\t\t\t<\/div>\n\t\t\t\t<\/div>\n\t\t\t\t\t<\/div>\n\t\t<\/div>\n\t\t\t\t<div class=\"elementor-column elementor-col-66 elementor-top-column elementor-element elementor-element-6203bcd\" data-id=\"6203bcd\" data-element_type=\"column\">\n\t\t\t<div class=\"elementor-widget-wrap elementor-element-populated\">\n\t\t\t\t\t\t\t\t<div class=\"elementor-element elementor-element-f4b4583 elementor-widget elementor-widget-text-editor\" data-id=\"f4b4583\" data-element_type=\"widget\" data-widget_type=\"text-editor.default\">\n\t\t\t\t<div class=\"elementor-widget-container\">\n\t\t\t\t\t\t\t<p><strong style=\"font-style: inherit; background-color: var(--ast-global-color-4); color: var(--ast-global-color-3);\">Nom :<\/strong><span style=\"font-style: inherit; font-weight: inherit; background-color: var(--ast-global-color-4); color: var(--ast-global-color-3);\"> Bagus<\/span><\/p><p><strong>Sex :<\/strong> M\u00e2le<\/p><p><strong>Date de naissance :<\/strong> 17\/06\/2002<\/p><p><strong>Lieu de naissance : <\/strong>Zoo de Berlin<\/p><p><strong>\u00a0<\/strong><\/p><p><strong>Esp\u00e8ce :<\/strong> Sumatra<\/p><p><strong>P\u00e8re :<\/strong>\u00a0 Mano<\/p><p><strong>M\u00e8re :\u00a0<\/strong> Bini<\/p><p><strong>Enfant(s) :\u00a0<\/strong> Ombak (Plankendael)<\/p><p>\u00a0<\/p><p><strong>Anciens parcs : <\/strong>Zoo de Berlin, zoo de B\u00e2le<\/p><p><strong>Sp\u00e9cificit\u00e9s :<\/strong>\u00a0 \u00a0\u00a0<\/p>\t\t\t\t\t\t<\/div>\n\t\t\t\t<\/div>\n\t\t\t\t\t<\/div>\n\t\t<\/div>\n\t\t\t\t\t\t\t<\/div>\n\t\t<\/section>\n\t\t\t\t<section class=\"elementor-section elementor-top-section elementor-element elementor-element-5fcde79 elementor-section-boxed elementor-section-height-default elementor-section-height-default\" data-id=\"5fcde79\" data-element_type=\"section\">\n\t\t\t\t\t\t<div class=\"elementor-container elementor-column-gap-default\">\n\t\t\t\t\t<div class=\"elementor-column elementor-col-33 elementor-top-column elementor-element elementor-element-4d1345c\" data-id=\"4d1345c\" data-element_type=\"column\">\n\t\t\t<div class=\"elementor-widget-wrap elementor-element-populated\">\n\t\t\t\t\t\t\t\t<div class=\"elementor-element elementor-element-93b0747 elementor-widget elementor-widget-image\" data-id=\"93b0747\" data-element_type=\"widget\" data-widget_type=\"image.default\">\n\t\t\t\t<div class=\"elementor-widget-container\">\n\t\t\t\t\t\t\t\t\t\t\t\t\t\t\t<img decoding=\"async\" width=\"850\" height=\"850\" src=\"https:\/\/orangutanlovers.org\/wp-content\/uploads\/2023\/05\/Kira.jpg\" class=\"attachment-large size-large wp-image-1187\" alt=\"\" loading=\"lazy\" srcset=\"https:\/\/orangutanlovers.org\/wp-content\/uploads\/2023\/05\/Kira.jpg 850w, https:\/\/orangutanlovers.org\/wp-content\/uploads\/2023\/05\/Kira-300x300.jpg 300w, https:\/\/orangutanlovers.org\/wp-content\/uploads\/2023\/05\/Kira-150x150.jpg 150w, https:\/\/orangutanlovers.org\/wp-content\/uploads\/2023\/05\/Kira-768x768.jpg 768w\" sizes=\"(max-width: 850px) 100vw, 850px\" \/>\t\t\t\t\t\t\t\t\t\t\t\t\t\t\t<\/div>\n\t\t\t\t<\/div>\n\t\t\t\t<div class=\"elementor-element elementor-element-adf04d2 elementor-widget elementor-widget-text-editor\" data-id=\"adf04d2\" data-element_type=\"widget\" data-widget_type=\"text-editor.default\">\n\t\t\t\t<div class=\"elementor-widget-container\">\n\t\t\t\t\t\t\t<p>cr\u00e9dit photo : Photo personnelle<\/p>\t\t\t\t\t\t<\/div>\n\t\t\t\t<\/div>\n\t\t\t\t\t<\/div>\n\t\t<\/div>\n\t\t\t\t<div class=\"elementor-column elementor-col-66 elementor-top-column elementor-element elementor-element-9c98e01\" data-id=\"9c98e01\" data-element_type=\"column\">\n\t\t\t<div class=\"elementor-widget-wrap elementor-element-populated\">\n\t\t\t\t\t\t\t\t<div class=\"elementor-element elementor-element-c7b1c14 elementor-widget elementor-widget-text-editor\" data-id=\"c7b1c14\" data-element_type=\"widget\" data-widget_type=\"text-editor.default\">\n\t\t\t\t<div class=\"elementor-widget-container\">\n\t\t\t\t\t\t\t<p><strong style=\"font-style: inherit; background-color: var(--ast-global-color-4); color: var(--ast-global-color-3);\">Nom :<\/strong><span style=\"font-style: inherit; font-weight: inherit; background-color: var(--ast-global-color-4); color: var(--ast-global-color-3);\"> Kila \u2020<\/span><\/p><p><strong>Sex :<\/strong> Femelle<\/p><p><strong>Date de naissance :<\/strong> 2\/7\/2000-5\/6\/2023<\/p><p><strong>Lieu de naissance : <\/strong>zoo de Leipzig<\/p><p><strong>\u00a0<\/strong><\/p><p><strong>Esp\u00e8ce :<\/strong> Sumatra<\/p><p><strong>P\u00e8re :<\/strong>\u00a0 \u00a0Tujoh \u2020<\/p><p><strong>M\u00e8re :\u00a0<\/strong> Dunja \u2020<\/p><p><strong>Enfant(s) :\u00a0<\/strong> Ombak (Plankendael)<\/p><p><strong>Anciens parcs :<\/strong> zoo de Leipzig, Zoo de B\u00e2le<\/p><p><a href=\"http:\/\/&lt;iframe src=&quot;https:\/\/www.facebook.com\/plugins\/post.php?href=https%3A%2F%2Fwww.facebook.com%2Fzooplanckendael%2Fposts%2Fpfbid025XV7nwCTSLjuC1X3JEaJk1Vf9oUebaLCj3rsWi23ENB4vPSEh4BnbFbUkTjxmtoJl&amp;show_text=true&amp;width=500&quot; width=&quot;500&quot; height=&quot;555&quot; style=&quot;border:none;overflow:hidden&quot; scrolling=&quot;no&quot; frameborder=&quot;0&quot; allowfullscreen=&quot;true&quot; allow=&quot;autoplay; clipboard-write; encrypted-media; picture-in-picture; web-share&quot;&gt;&lt;\/iframe&gt;\"><strong>Info d\u00e9c\u00e8s\u00a0<\/strong><\/a><\/p>\t\t\t\t\t\t<\/div>\n\t\t\t\t<\/div>\n\t\t\t\t\t<\/div>\n\t\t<\/div>\n\t\t\t\t\t\t\t<\/div>\n\t\t<\/section>\n\t\t\t\t<section class=\"elementor-section elementor-top-section elementor-element elementor-element-11b780c elementor-section-boxed elementor-section-height-default elementor-section-height-default\" data-id=\"11b780c\" data-element_type=\"section\">\n\t\t\t\t\t\t<div class=\"elementor-container elementor-column-gap-default\">\n\t\t\t\t\t<div class=\"elementor-column elementor-col-33 elementor-top-column elementor-element elementor-element-7fd1230\" data-id=\"7fd1230\" data-element_type=\"column\">\n\t\t\t<div class=\"elementor-widget-wrap elementor-element-populated\">\n\t\t\t\t\t\t\t\t<div class=\"elementor-element elementor-element-9756562 elementor-widget elementor-widget-image\" data-id=\"9756562\" data-element_type=\"widget\" data-widget_type=\"image.default\">\n\t\t\t\t<div class=\"elementor-widget-container\">\n\t\t\t\t\t\t\t\t\t\t\t\t\t\t\t<img decoding=\"async\" width=\"850\" height=\"850\" src=\"https:\/\/orangutanlovers.org\/wp-content\/uploads\/2023\/05\/ombak.jpg\" class=\"attachment-large size-large wp-image-1188\" alt=\"\" loading=\"lazy\" srcset=\"https:\/\/orangutanlovers.org\/wp-content\/uploads\/2023\/05\/ombak.jpg 850w, https:\/\/orangutanlovers.org\/wp-content\/uploads\/2023\/05\/ombak-300x300.jpg 300w, https:\/\/orangutanlovers.org\/wp-content\/uploads\/2023\/05\/ombak-150x150.jpg 150w, https:\/\/orangutanlovers.org\/wp-content\/uploads\/2023\/05\/ombak-768x768.jpg 768w\" sizes=\"(max-width: 850px) 100vw, 850px\" \/>\t\t\t\t\t\t\t\t\t\t\t\t\t\t\t<\/div>\n\t\t\t\t<\/div>\n\t\t\t\t<div class=\"elementor-element elementor-element-0ad09e4 elementor-widget elementor-widget-text-editor\" data-id=\"0ad09e4\" data-element_type=\"widget\" data-widget_type=\"text-editor.default\">\n\t\t\t\t<div class=\"elementor-widget-container\">\n\t\t\t\t\t\t\t<p>cr\u00e9dit photo : Photo personnelle<\/p>\t\t\t\t\t\t<\/div>\n\t\t\t\t<\/div>\n\t\t\t\t\t<\/div>\n\t\t<\/div>\n\t\t\t\t<div class=\"elementor-column elementor-col-66 elementor-top-column elementor-element elementor-element-fb79306\" data-id=\"fb79306\" data-element_type=\"column\">\n\t\t\t<div class=\"elementor-widget-wrap elementor-element-populated\">\n\t\t\t\t\t\t\t\t<div class=\"elementor-element elementor-element-8e95136 elementor-widget elementor-widget-text-editor\" data-id=\"8e95136\" data-element_type=\"widget\" data-widget_type=\"text-editor.default\">\n\t\t\t\t<div class=\"elementor-widget-container\">\n\t\t\t\t\t\t\t<p><strong>Nom :<\/strong> Ombak<\/p><p><strong>Sex :<\/strong>\u00a0M\u00e2le<\/p><p><strong>Date de naissance :<\/strong> 4\/03\/2017<\/p><p><strong>Lieu de naissance : <\/strong>Zoo de B\u00e2le<\/p><p><strong>\u00a0<\/strong><\/p><p><strong>Esp\u00e8ce :<\/strong>\u00a0Sumatra<\/p><p><strong>P\u00e8re : <\/strong>Bagus\u00a0<\/p><p><strong>M\u00e8re : <\/strong>Kira \u2020<\/p><p><strong>Enfant(s) :\u00a0<\/strong>\u00a0<\/p><p><strong>Anciens parc : <\/strong>Zoo de B\u00e2le<\/p><p><strong>Sp\u00e9cificit\u00e9s :<\/strong>\u00a0<\/p>\t\t\t\t\t\t<\/div>\n\t\t\t\t<\/div>\n\t\t\t\t\t<\/div>\n\t\t<\/div>\n\t\t\t\t\t\t\t<\/div>\n\t\t<\/section>\n\t\t\t\t<section class=\"elementor-section elementor-top-section elementor-element elementor-element-c820317 elementor-section-boxed elementor-section-height-default elementor-section-height-default\" data-id=\"c820317\" data-element_type=\"section\">\n\t\t\t\t\t\t<div class=\"elementor-container elementor-column-gap-default\">\n\t\t\t\t\t<div class=\"elementor-column elementor-col-33 elementor-top-column elementor-element elementor-element-97601a0\" data-id=\"97601a0\" data-element_type=\"column\">\n\t\t\t<div class=\"elementor-widget-wrap elementor-element-populated\">\n\t\t\t\t\t\t\t\t<div class=\"elementor-element elementor-element-94fa881 elementor-widget elementor-widget-image\" data-id=\"94fa881\" data-element_type=\"widget\" data-widget_type=\"image.default\">\n\t\t\t\t<div class=\"elementor-widget-container\">\n\t\t\t\t\t\t\t\t\t\t\t\t\t\t\t<img decoding=\"async\" width=\"850\" height=\"850\" src=\"https:\/\/orangutanlovers.org\/wp-content\/uploads\/2023\/05\/Nophoto.jpg\" class=\"attachment-large size-large wp-image-1192\" alt=\"\" loading=\"lazy\" srcset=\"https:\/\/orangutanlovers.org\/wp-content\/uploads\/2023\/05\/Nophoto.jpg 850w, https:\/\/orangutanlovers.org\/wp-content\/uploads\/2023\/05\/Nophoto-300x300.jpg 300w, https:\/\/orangutanlovers.org\/wp-content\/uploads\/2023\/05\/Nophoto-150x150.jpg 150w, https:\/\/orangutanlovers.org\/wp-content\/uploads\/2023\/05\/Nophoto-768x768.jpg 768w\" sizes=\"(max-width: 850px) 100vw, 850px\" \/>\t\t\t\t\t\t\t\t\t\t\t\t\t\t\t<\/div>\n\t\t\t\t<\/div>\n\t\t\t\t\t<\/div>\n\t\t<\/div>\n\t\t\t\t<div class=\"elementor-column elementor-col-66 elementor-top-column elementor-element elementor-element-d662e42\" data-id=\"d662e42\" data-element_type=\"column\">\n\t\t\t<div class=\"elementor-widget-wrap elementor-element-populated\">\n\t\t\t\t\t\t\t\t<div class=\"elementor-element elementor-element-9623ca9 elementor-widget elementor-widget-text-editor\" data-id=\"9623ca9\" data-element_type=\"widget\" data-widget_type=\"text-editor.default\">\n\t\t\t\t<div class=\"elementor-widget-container\">\n\t\t\t\t\t\t\t<p style=\"font-size: 15px; font-style: normal; font-weight: 400;\"><strong style=\"background-color: var(--ast-global-color-4); color: var(--ast-global-color-3);\">Nom :<\/strong><span style=\"background-color: var(--ast-global-color-4); color: var(--ast-global-color-3);\"> Karo (Karolinchen \/ Karol)<\/span><\/p><p><strong>Sexe :<\/strong> Femelle<\/p><p style=\"font-size: 15px; font-style: normal; font-weight: 400;\"><strong>\u00a0<\/strong><\/p><p style=\"font-size: 15px; font-style: normal; font-weight: 400;\"><strong>Date de naissance :<\/strong>\u00a0 \u00a0 8\/12\/1973<\/p><p style=\"font-size: 15px; font-style: normal; font-weight: 400;\"><strong>Lieu de naissance :<\/strong>\u00a0 \u00a0 Wilhelma zoo (Stuttgart)<\/p><p><strong>\u00a0<\/strong><\/p><p><strong>Esp\u00e8ce :<\/strong> Sumatra<\/p><p style=\"font-size: 15px; font-style: normal; font-weight: 400;\"><strong>P\u00e8re :\u00a0<\/strong> \u00a0 Buschi \u2020<\/p><p style=\"font-size: 15px; font-style: normal; font-weight: 400;\"><strong>M\u00e8re :<\/strong>\u00a0 \u00a0Suma \u2020<\/p><p style=\"font-size: 15px; font-style: normal; font-weight: 400;\"><strong>Enfant(s) :<\/strong> \u00a0 Conny \u2020<\/p><p>\u00a0<\/p><p style=\"font-size: 15px; font-style: normal; font-weight: 400;\"><strong>Anciens parcs : <\/strong>Wilhelma zoo (Stuttgart)<\/p><p style=\"font-size: 15px; font-style: normal; font-weight: 400;\"><strong>Sp\u00e9cificit\u00e9s :<\/strong>\u00a0 \u00a0<\/p>\t\t\t\t\t\t<\/div>\n\t\t\t\t<\/div>\n\t\t\t\t\t<\/div>\n\t\t<\/div>\n\t\t\t\t\t\t\t<\/div>\n\t\t<\/section>\n\t\t\t\t<section class=\"elementor-section elementor-top-section elementor-element elementor-element-a3e9d63 elementor-section-boxed elementor-section-height-default elementor-section-height-default\" data-id=\"a3e9d63\" data-element_type=\"section\">\n\t\t\t\t\t\t<div class=\"elementor-container elementor-column-gap-default\">\n\t\t\t\t\t<div class=\"elementor-column elementor-col-33 elementor-top-column elementor-element elementor-element-48e0d86\" data-id=\"48e0d86\" data-element_type=\"column\">\n\t\t\t<div class=\"elementor-widget-wrap elementor-element-populated\">\n\t\t\t\t\t\t\t\t<div class=\"elementor-element elementor-element-98cad6c elementor-widget elementor-widget-image\" data-id=\"98cad6c\" data-element_type=\"widget\" data-widget_type=\"image.default\">\n\t\t\t\t<div class=\"elementor-widget-container\">\n\t\t\t\t\t\t\t\t\t\t\t\t\t\t\t<img decoding=\"async\" width=\"850\" height=\"850\" src=\"https:\/\/orangutanlovers.org\/wp-content\/uploads\/2023\/05\/Nophoto.jpg\" class=\"attachment-large size-large wp-image-1192\" alt=\"\" loading=\"lazy\" srcset=\"https:\/\/orangutanlovers.org\/wp-content\/uploads\/2023\/05\/Nophoto.jpg 850w, https:\/\/orangutanlovers.org\/wp-content\/uploads\/2023\/05\/Nophoto-300x300.jpg 300w, https:\/\/orangutanlovers.org\/wp-content\/uploads\/2023\/05\/Nophoto-150x150.jpg 150w, https:\/\/orangutanlovers.org\/wp-content\/uploads\/2023\/05\/Nophoto-768x768.jpg 768w\" sizes=\"(max-width: 850px) 100vw, 850px\" \/>\t\t\t\t\t\t\t\t\t\t\t\t\t\t\t<\/div>\n\t\t\t\t<\/div>\n\t\t\t\t\t<\/div>\n\t\t<\/div>\n\t\t\t\t<div class=\"elementor-column elementor-col-66 elementor-top-column elementor-element elementor-element-1658dc5\" data-id=\"1658dc5\" data-element_type=\"column\">\n\t\t\t<div class=\"elementor-widget-wrap elementor-element-populated\">\n\t\t\t\t\t\t\t\t<div class=\"elementor-element elementor-element-5be048b elementor-widget elementor-widget-text-editor\" data-id=\"5be048b\" data-element_type=\"widget\" data-widget_type=\"text-editor.default\">\n\t\t\t\t<div class=\"elementor-widget-container\">\n\t\t\t\t\t\t\t<p style=\"font-size: 15px; font-style: normal; font-weight: 400;\"><strong style=\"background-color: var(--ast-global-color-4); color: var(--ast-global-color-3);\">Nom :<\/strong><span style=\"background-color: var(--ast-global-color-4); color: var(--ast-global-color-3);\"> Moni<\/span><\/p><p><strong>Sexe :<\/strong> Femelle<\/p><p style=\"font-size: 15px; font-style: normal; font-weight: 400;\"><strong>\u00a0<\/strong><\/p><p style=\"font-size: 15px; font-style: normal; font-weight: 400;\"><strong>Date de naissance :<\/strong>\u00a0 7\/12\/1977<\/p><p style=\"font-size: 15px; font-style: normal; font-weight: 400;\"><strong>Lieu de naissance :<\/strong>\u00a0 \u00a0 Wilhelma zoo (Stuttgart)<\/p><p><strong>\u00a0<\/strong><\/p><p><strong>Esp\u00e8ce :<\/strong> Sumatra<\/p><p style=\"font-size: 15px; font-style: normal; font-weight: 400;\"><strong>P\u00e8re :\u00a0<\/strong> \u00a0 Buschi \u2020<\/p><p style=\"font-size: 15px; font-style: normal; font-weight: 400;\"><strong>M\u00e8re :<\/strong>\u00a0 \u00a0Suma \u2020<\/p><p><strong>Enfants :<\/strong> Masala<\/p><p>\u00a0<\/p><p style=\"font-size: 15px; font-style: normal; font-weight: 400;\"><strong>Anciens parcs : <\/strong>Wilhelma zoo (Stuttgart)<\/p><p style=\"font-size: 15px; font-style: normal; font-weight: 400;\"><strong>Sp\u00e9cificit\u00e9s :<\/strong>\u00a0 \u00a0<\/p>\t\t\t\t\t\t<\/div>\n\t\t\t\t<\/div>\n\t\t\t\t\t<\/div>\n\t\t<\/div>\n\t\t\t\t\t\t\t<\/div>\n\t\t<\/section>\n\t\t\t\t<section class=\"elementor-section elementor-top-section elementor-element elementor-element-bfc7e16 elementor-section-boxed elementor-section-height-default elementor-section-height-default\" data-id=\"bfc7e16\" data-element_type=\"section\">\n\t\t\t\t\t\t<div class=\"elementor-container elementor-column-gap-default\">\n\t\t\t\t\t<div class=\"elementor-column elementor-col-33 elementor-top-column elementor-element elementor-element-d8022b1\" data-id=\"d8022b1\" data-element_type=\"column\">\n\t\t\t<div class=\"elementor-widget-wrap elementor-element-populated\">\n\t\t\t\t\t\t\t\t<div class=\"elementor-element elementor-element-8ca271a elementor-widget elementor-widget-image\" data-id=\"8ca271a\" data-element_type=\"widget\" data-widget_type=\"image.default\">\n\t\t\t\t<div class=\"elementor-widget-container\">\n\t\t\t\t\t\t\t\t\t\t\t\t\t\t\t<img decoding=\"async\" width=\"850\" height=\"850\" src=\"https:\/\/orangutanlovers.org\/wp-content\/uploads\/2023\/05\/Nophoto.jpg\" class=\"attachment-large size-large wp-image-1192\" alt=\"\" loading=\"lazy\" srcset=\"https:\/\/orangutanlovers.org\/wp-content\/uploads\/2023\/05\/Nophoto.jpg 850w, https:\/\/orangutanlovers.org\/wp-content\/uploads\/2023\/05\/Nophoto-300x300.jpg 300w, https:\/\/orangutanlovers.org\/wp-content\/uploads\/2023\/05\/Nophoto-150x150.jpg 150w, https:\/\/orangutanlovers.org\/wp-content\/uploads\/2023\/05\/Nophoto-768x768.jpg 768w\" sizes=\"(max-width: 850px) 100vw, 850px\" \/>\t\t\t\t\t\t\t\t\t\t\t\t\t\t\t<\/div>\n\t\t\t\t<\/div>\n\t\t\t\t\t<\/div>\n\t\t<\/div>\n\t\t\t\t<div class=\"elementor-column elementor-col-66 elementor-top-column elementor-element elementor-element-24bb899\" data-id=\"24bb899\" data-element_type=\"column\">\n\t\t\t<div class=\"elementor-widget-wrap elementor-element-populated\">\n\t\t\t\t\t\t\t\t<div class=\"elementor-element elementor-element-fe1f9ac elementor-widget elementor-widget-text-editor\" data-id=\"fe1f9ac\" data-element_type=\"widget\" data-widget_type=\"text-editor.default\">\n\t\t\t\t<div class=\"elementor-widget-container\">\n\t\t\t\t\t\t\t<p style=\"font-size: 15px; font-style: normal; font-weight: 400;\"><strong>Nom :<\/strong> Vilmos (Vili)<\/p><p><strong>Sexe :<\/strong> M\u00e2le<\/p><p style=\"font-size: 15px; font-style: normal; font-weight: 400;\"><strong>\u00a0<\/strong><\/p><p style=\"font-size: 15px; font-style: normal; font-weight: 400;\"><strong>Date de naissance :<\/strong>\u00a0 9\/12\/2010<\/p><p style=\"font-size: 15px; font-style: normal; font-weight: 400;\"><strong>Lieu de naissance :<\/strong>\u00a0 \u00a0 Zoo de Budapest<\/p><p><strong>\u00a0<\/strong><\/p><p><strong>Esp\u00e8ce :<\/strong> Sumatra<\/p><p style=\"font-size: 15px; font-style: normal; font-weight: 400;\"><strong>P\u00e8re :\u00a0<\/strong> \u00a0 Chuij<\/p><p style=\"font-size: 15px; font-style: normal; font-weight: 400;\"><strong>M\u00e8re :<\/strong>\u00a0 Mengale\/Menggala<\/p><p style=\"font-size: 15px; font-style: normal; font-weight: 400;\"><strong>Enfant(s) :<\/strong>\u00a0 \u00a0<\/p><p>\u00a0<\/p><p style=\"font-size: 15px; font-style: normal; font-weight: 400;\"><strong>Anciens parcs : <\/strong>Zoo de Budapest, zoo de Leipzig, zoo de Bratislav<\/p><p style=\"font-size: 15px; font-style: normal; font-weight: 400;\"><strong>Sp\u00e9cificit\u00e9s :<\/strong>\u00a0 \u00a0<\/p>\t\t\t\t\t\t<\/div>\n\t\t\t\t<\/div>\n\t\t\t\t\t<\/div>\n\t\t<\/div>\n\t\t\t\t\t\t\t<\/div>\n\t\t<\/section>\n\t\t\t\t<section class=\"elementor-section elementor-top-section elementor-element elementor-element-b4e291a elementor-section-boxed elementor-section-height-default elementor-section-height-default\" data-id=\"b4e291a\" data-element_type=\"section\">\n\t\t\t\t\t\t<div class=\"elementor-container elementor-column-gap-default\">\n\t\t\t\t\t<div class=\"elementor-column elementor-col-100 elementor-top-column elementor-element elementor-element-2394d97\" data-id=\"2394d97\" data-element_type=\"column\">\n\t\t\t<div class=\"elementor-widget-wrap elementor-element-populated\">\n\t\t\t\t\t\t\t\t<div class=\"elementor-element elementor-element-eacc871 elementor-widget elementor-widget-text-editor\" data-id=\"eacc871\" data-element_type=\"widget\" data-widget_type=\"text-editor.default\">\n\t\t\t\t<div class=\"elementor-widget-container\">\n\t\t\t\t\t\t\t<p><a href=\"https:\/\/www.zooplanckendael.be\/\">Site internet<\/a><\/p>\t\t\t\t\t\t<\/div>\n\t\t\t\t<\/div>\n\t\t\t\t\t<\/div>\n\t\t<\/div>\n\t\t\t\t\t\t\t<\/div>\n\t\t<\/section>\n\t\t\t\t\t\t\t<\/div>\n\t\t","protected":false},"excerpt":{"rendered":"<p>Plankendael cr\u00e9dit photo : Photo personnelle Nom : Bagus Sex : M\u00e2le Date de naissance : 17\/06\/2002 Lieu de naissance : Zoo de Berlin \u00a0 Esp\u00e8ce : Sumatra P\u00e8re :\u00a0 Mano M\u00e8re :\u00a0 Bini Enfant(s) :\u00a0 Ombak (Plankendael) \u00a0 Anciens parcs : Zoo de Berlin, zoo de B\u00e2le Sp\u00e9cificit\u00e9s :\u00a0 \u00a0\u00a0 cr\u00e9dit photo : Photo &hellip;<\/p>\n<p class=\"read-more\"> <a class=\"\" href=\"https:\/\/orangutanlovers.org\/?page_id=1148\"> <span class=\"screen-reader-text\">Plankendael<\/span> Lire la suite\u00a0\u00bb<\/a><\/p>\n","protected":false},"author":1,"featured_media":0,"parent":0,"menu_order":0,"comment_status":"closed","ping_status":"closed","template":"","meta":{"site-sidebar-layout":"no-sidebar","site-content-layout":"page-builder","ast-global-header-display":"","ast-banner-title-visibility":"","ast-main-header-display":"","ast-hfb-above-header-display":"","ast-hfb-below-header-display":"","ast-hfb-mobile-header-display":"","site-post-title":"disabled","ast-breadcrumbs-content":"","ast-featured-img":"disabled","footer-sml-layout":"","theme-transparent-header-meta":"","adv-header-id-meta":"","stick-header-meta":"","header-above-stick-meta":"","header-main-stick-meta":"","header-below-stick-meta":""},"_links":{"self":[{"href":"https:\/\/orangutanlovers.org\/index.php?rest_route=\/wp\/v2\/pages\/1148"}],"collection":[{"href":"https:\/\/orangutanlovers.org\/index.php?rest_route=\/wp\/v2\/pages"}],"about":[{"href":"https:\/\/orangutanlovers.org\/index.php?rest_route=\/wp\/v2\/types\/page"}],"author":[{"embeddable":true,"href":"https:\/\/orangutanlovers.org\/index.php?rest_route=\/wp\/v2\/users\/1"}],"replies":[{"embeddable":true,"href":"https:\/\/orangutanlovers.org\/index.php?rest_route=%2Fwp%2Fv2%2Fcomments&post=1148"}],"version-history":[{"count":119,"href":"https:\/\/orangutanlovers.org\/index.php?rest_route=\/wp\/v2\/pages\/1148\/revisions"}],"predecessor-version":[{"id":2259,"href":"https:\/\/orangutanlovers.org\/index.php?rest_route=\/wp\/v2\/pages\/1148\/revisions\/2259"}],"wp:attachment":[{"href":"https:\/\/orangutanlovers.org\/index.php?rest_route=%2Fwp%2Fv2%2Fmedia&parent=1148"}],"curies":[{"name":"wp","href":"https:\/\/api.w.org\/{rel}","templated":true}]}}