{"id":1004,"date":"2021-02-16T15:30:24","date_gmt":"2021-02-16T15:30:24","guid":{"rendered":"https:\/\/orangutanlovers.org\/?page_id=1004"},"modified":"2023-05-19T12:46:48","modified_gmt":"2023-05-19T12:46:48","slug":"accueil","status":"publish","type":"page","link":"https:\/\/orangutanlovers.org\/","title":{"rendered":"Accueil"},"content":{"rendered":"\t\t<div data-elementor-type=\"wp-page\" data-elementor-id=\"1004\" class=\"elementor elementor-1004\">\n\t\t\t\t\t\t\t\t\t<section class=\"elementor-section elementor-top-section elementor-element elementor-element-2231eb1 elementor-section-height-min-height elementor-section-boxed elementor-section-height-default elementor-section-items-middle\" data-id=\"2231eb1\" data-element_type=\"section\" data-settings=\"{&quot;background_background&quot;:&quot;classic&quot;}\">\n\t\t\t\t\t\t\t<div class=\"elementor-background-overlay\"><\/div>\n\t\t\t\t\t\t\t<div class=\"elementor-container elementor-column-gap-no\">\n\t\t\t\t\t<div class=\"elementor-column elementor-col-100 elementor-top-column elementor-element elementor-element-cda5227\" data-id=\"cda5227\" data-element_type=\"column\">\n\t\t\t<div class=\"elementor-widget-wrap\">\n\t\t\t\t\t\t\t\t\t<\/div>\n\t\t<\/div>\n\t\t\t\t\t\t\t<\/div>\n\t\t<\/section>\n\t\t\t\t<section class=\"elementor-section elementor-top-section elementor-element elementor-element-4634ba3 elementor-section-boxed elementor-section-height-default elementor-section-height-default\" data-id=\"4634ba3\" data-element_type=\"section\">\n\t\t\t\t\t\t<div class=\"elementor-container elementor-column-gap-default\">\n\t\t\t\t\t<div class=\"elementor-column elementor-col-100 elementor-top-column elementor-element elementor-element-e39aaff\" data-id=\"e39aaff\" data-element_type=\"column\">\n\t\t\t<div class=\"elementor-widget-wrap elementor-element-populated\">\n\t\t\t\t\t\t\t\t<div class=\"elementor-element elementor-element-a514fb2 elementor-widget elementor-widget-text-editor\" data-id=\"a514fb2\" data-element_type=\"widget\" data-widget_type=\"text-editor.default\">\n\t\t\t\t<div class=\"elementor-widget-container\">\n\t\t\t<style>\/*! elementor - v3.13.3 - 28-05-2023 *\/\n.elementor-widget-text-editor.elementor-drop-cap-view-stacked .elementor-drop-cap{background-color:#69727d;color:#fff}.elementor-widget-text-editor.elementor-drop-cap-view-framed .elementor-drop-cap{color:#69727d;border:3px solid;background-color:transparent}.elementor-widget-text-editor:not(.elementor-drop-cap-view-default) .elementor-drop-cap{margin-top:8px}.elementor-widget-text-editor:not(.elementor-drop-cap-view-default) .elementor-drop-cap-letter{width:1em;height:1em}.elementor-widget-text-editor .elementor-drop-cap{float:left;text-align:center;line-height:1;font-size:50px}.elementor-widget-text-editor .elementor-drop-cap-letter{display:inline-block}<\/style>\t\t\t\t<p>Au c\u0153ur des for\u00eats tropicales, les orangs-outans \u00e9voluent avec gr\u00e2ce. Leur pelage roux flamboyant se fond dans les feuillages verdoyants, tandis que leurs bras longs et puissants les propulsent d&rsquo;arbre en arbre. Ils sont des acrobates agiles, ma\u00eetres des hauteurs. Ces primates majestueux m\u00e8nent une vie paisible dans leur habitat naturel. Ils se nourrissent principalement de fruits, de feuilles et de jeunes pousses, cherchant leur subsistance parmi la riche v\u00e9g\u00e9tation qui les entoure. Ils passent leur temps \u00e0 se balancer, se reposant sur des nids tiss\u00e9s avec habilet\u00e9.<\/p>\n<p>Les orangs-outans sont \u00e9galement connus pour leur grande intelligence. Ils sont capables d&rsquo;utiliser des outils improvis\u00e9s pour se nourrir et construire des abris. Ils sont des architectes de la nature, fa\u00e7onnant leur environnement selon leurs besoins.<\/p>\n<p>Malheureusement, les orangs-outans font face \u00e0 de nombreux d\u00e9fis. La d\u00e9forestation, due \u00e0 l&rsquo;expansion des activit\u00e9s humaines, menace leur existence. Leur habitat se r\u00e9duit chaque jour, les privant de ressources vitales. De plus, le trafic ill\u00e9gal et le braconnage sont des fl\u00e9aux qui mettent en p\u00e9ril leur survie.<\/p>\n<p>Afin de pr\u00e9server ces merveilleuses cr\u00e9atures, des efforts de conservation sont d\u00e9ploy\u00e9s. Des sanctuaires ont \u00e9t\u00e9 cr\u00e9\u00e9s pour accueillir les orangs-outans orphelins ou bless\u00e9s, leur offrant une seconde chance. Des projets de reforestation visant \u00e0 restaurer les habitats d\u00e9grad\u00e9s.<\/p>\n<p>Il est essentiel de sensibiliser le public \u00e0 l&rsquo;importance de prot\u00e9ger les orangs-outans et leur habitat.&nbsp;<\/p><p>Ensemble, nous pouvons agir pour pr\u00e9server la diversit\u00e9 de notre plan\u00e8te, en nous assurant que les orangs-outans continuent de jouer leur r\u00f4le vital dans l&rsquo;\u00e9quilibre \u00e9cologique<\/p>\t\t\t\t\t\t<\/div>\n\t\t\t\t<\/div>\n\t\t\t\t\t<\/div>\n\t\t<\/div>\n\t\t\t\t\t\t\t<\/div>\n\t\t<\/section>\n\t\t\t\t\t\t\t<\/div>\n\t\t","protected":false},"excerpt":{"rendered":"<p>Au c\u0153ur des for\u00eats tropicales, les orangs-outans \u00e9voluent avec gr\u00e2ce. Leur pelage roux flamboyant se fond dans les feuillages verdoyants, tandis que leurs bras longs et puissants les propulsent d&rsquo;arbre en arbre. Ils sont des acrobates agiles, ma\u00eetres des hauteurs. Ces primates majestueux m\u00e8nent une vie paisible dans leur habitat naturel. Ils se nourrissent principalement &hellip;<\/p>\n<p class=\"read-more\"> <a class=\"\" href=\"https:\/\/orangutanlovers.org\/\"> <span class=\"screen-reader-text\">Accueil<\/span> Lire la suite\u00a0\u00bb<\/a><\/p>\n","protected":false},"author":1,"featured_media":0,"parent":0,"menu_order":0,"comment_status":"closed","ping_status":"closed","template":"","meta":{"site-sidebar-layout":"no-sidebar","site-content-layout":"page-builder","ast-global-header-display":"","ast-banner-title-visibility":"","ast-main-header-display":"","ast-hfb-above-header-display":"","ast-hfb-below-header-display":"","ast-hfb-mobile-header-display":"","site-post-title":"disabled","ast-breadcrumbs-content":"disabled","ast-featured-img":"disabled","footer-sml-layout":"","theme-transparent-header-meta":"disabled","adv-header-id-meta":"","stick-header-meta":"","header-above-stick-meta":"","header-main-stick-meta":"","header-below-stick-meta":""},"_links":{"self":[{"href":"https:\/\/orangutanlovers.org\/index.php?rest_route=\/wp\/v2\/pages\/1004"}],"collection":[{"href":"https:\/\/orangutanlovers.org\/index.php?rest_route=\/wp\/v2\/pages"}],"about":[{"href":"https:\/\/orangutanlovers.org\/index.php?rest_route=\/wp\/v2\/types\/page"}],"author":[{"embeddable":true,"href":"https:\/\/orangutanlovers.org\/index.php?rest_route=\/wp\/v2\/users\/1"}],"replies":[{"embeddable":true,"href":"https:\/\/orangutanlovers.org\/index.php?rest_route=%2Fwp%2Fv2%2Fcomments&post=1004"}],"version-history":[{"count":23,"href":"https:\/\/orangutanlovers.org\/index.php?rest_route=\/wp\/v2\/pages\/1004\/revisions"}],"predecessor-version":[{"id":1055,"href":"https:\/\/orangutanlovers.org\/index.php?rest_route=\/wp\/v2\/pages\/1004\/revisions\/1055"}],"wp:attachment":[{"href":"https:\/\/orangutanlovers.org\/index.php?rest_route=%2Fwp%2Fv2%2Fmedia&parent=1004"}],"curies":[{"name":"wp","href":"https:\/\/api.w.org\/{rel}","templated":true}]}}